{"id":795,"date":"2018-12-11T00:55:36","date_gmt":"2018-12-10T23:55:36","guid":{"rendered":"https:\/\/mayday-gdynia.pl\/?post_type=product&#038;p=795"},"modified":"2026-04-07T13:50:30","modified_gmt":"2026-04-07T11:50:30","slug":"ratownik-morski-odnowienie","status":"publish","type":"product","link":"https:\/\/mayday-gdynia.pl\/pl_pl\/produkt\/ratownik-morski-odnowienie\/","title":{"rendered":"Ratownik morski odnowienie (Proficiency in survival craft and rescue boats other than fast rescue boats \u2013 refreshment)"},"content":{"rendered":"<div id=\"mec_skin_events_2263\" class=\"mec-skin-list-events-container\">\n<p><strong>Co nale\u017cy przynie\u015b\u0107 na kurs:<\/strong><br \/>\n1. dow\u00f3d osobisty<br \/>\n2. certyfikat (wa\u017cny b\u0105d\u017a taki kt\u00f3ry utraci\u0142 wa\u017cno\u015b\u0107 nie dalej jak rok do dnia szkolenia)<br \/>\n3. ksi\u0105\u017ceczka (je\u015bli jest zamustrowanie otwarte, to nale\u017cy je zako\u0144czy\u0107, otwartych mustrowa\u0144 UM nie uznaje)<br \/>\n4. 1 zdj\u0119cie kolorowe<\/p>\n<\/div>\n<div class=\"wpb_wrapper\">\n<p>Tematy poruszane na kursie:<br \/>\n1. Om\u00f3wienie i prezentacja najnowszych rozwi\u0105za\u0144 w zakresie zbiorczych \u015brodk\u00f3w ratunkowych i ratowniczych.<br \/>\n2. Sygnalizacja w niebezpiecze\u0144stwie.<br \/>\n3. Wymiana do\u015bwiadcze\u0144 w zakresie akcji z u\u017cyciem \u015brodk\u00f3w ratunkowych i ratowniczych oraz komunikacji w niebezpiecze\u0144stwie.<\/p>\n<p>Cena kursu obejmuje: przeszkolenie, k\u0105cik kawowo-herbaciany ze s\u0142odkim pocz\u0119stunkiem, wydanie certyfikatu przez UM.<\/p>\n<p><strong>Cena:<\/strong> 350 z\u0142otych.<\/p>\n<p><strong>Wystawiamy na \u017cyczenie FA imienne b\u0105d\u017a na firmy po wcze\u015bniejszym zg\u0142oszeniu.<\/strong><\/p>\n<\/div>\n","protected":false},"excerpt":{"rendered":"<p><strong>Czas trwania:<\/strong> 1 dzie\u0144 (\u015broda)<\/p>\n<p>&nbsp;<\/p>\n<p><strong>Terminy stycze\u0144 2026<\/strong>: 09 (pi\u0105tek), 14, 28<\/p>\n<p><strong>Terminy luty 2026<\/strong>: 11, 25<\/p>\n<p><strong>Terminy marzec 2026<\/strong>: 04, 11, 18, 25<\/p>\n<p><strong>Terminy kwiecie\u0144 2026<\/strong>: 01, 08, 22<\/p>\n<p><strong>Terminy maj 2026<\/strong>: 06, 13, 20, 27<\/p>\n<p><strong>Terminy czerwiec 2026<\/strong>:<\/p>\n<p><strong>Terminy lipiec 2026<\/strong>:<\/p>\n<p><strong>Terminy sierpie\u0144 2026<\/strong>:<\/p>\n<p><strong>Terminy wrzesie\u0144 2026<\/strong>:<\/p>\n<p><strong>Terminy pa\u017adziernik 2026<\/strong>:<\/p>\n<p><strong>Terminy listopad 2026<\/strong>:<\/p>\n<p><strong>Terminy grudzie\u0144 2026<\/strong>:<\/p>\n","protected":false},"featured_media":2073,"template":"","meta":{"ocean_post_layout":"","ocean_both_sidebars_style":"","ocean_both_sidebars_content_width":0,"ocean_both_sidebars_sidebars_width":0,"ocean_sidebar":"","ocean_second_sidebar":"","ocean_disable_margins":"enable","ocean_add_body_class":"","ocean_shortcode_before_top_bar":"","ocean_shortcode_after_top_bar":"","ocean_shortcode_before_header":"","ocean_shortcode_after_header":"","ocean_has_shortcode":"","ocean_shortcode_after_title":"","ocean_shortcode_before_footer_widgets":"","ocean_shortcode_after_footer_widgets":"","ocean_shortcode_before_footer_bottom":"","ocean_shortcode_after_footer_bottom":"","ocean_display_top_bar":"default","ocean_display_header":"default","ocean_header_style":"","ocean_center_header_left_menu":"","ocean_custom_header_template":"","ocean_custom_logo":0,"ocean_custom_retina_logo":0,"ocean_custom_logo_max_width":0,"ocean_custom_logo_tablet_max_width":0,"ocean_custom_logo_mobile_max_width":0,"ocean_custom_logo_max_height":0,"ocean_custom_logo_tablet_max_height":0,"ocean_custom_logo_mobile_max_height":0,"ocean_header_custom_menu":"","ocean_menu_typo_font_family":"","ocean_menu_typo_font_subset":"","ocean_menu_typo_font_size":0,"ocean_menu_typo_font_size_tablet":0,"ocean_menu_typo_font_size_mobile":0,"ocean_menu_typo_font_size_unit":"px","ocean_menu_typo_font_weight":"","ocean_menu_typo_font_weight_tablet":"","ocean_menu_typo_font_weight_mobile":"","ocean_menu_typo_transform":"","ocean_menu_typo_transform_tablet":"","ocean_menu_typo_transform_mobile":"","ocean_menu_typo_line_height":0,"ocean_menu_typo_line_height_tablet":0,"ocean_menu_typo_line_height_mobile":0,"ocean_menu_typo_line_height_unit":"","ocean_menu_typo_spacing":0,"ocean_menu_typo_spacing_tablet":0,"ocean_menu_typo_spacing_mobile":0,"ocean_menu_typo_spacing_unit":"","ocean_menu_link_color":"","ocean_menu_link_color_hover":"","ocean_menu_link_color_active":"","ocean_menu_link_background":"","ocean_menu_link_hover_background":"","ocean_menu_link_active_background":"","ocean_menu_social_links_bg":"","ocean_menu_social_hover_links_bg":"","ocean_menu_social_links_color":"","ocean_menu_social_hover_links_color":"","ocean_disable_title":"default","ocean_disable_heading":"default","ocean_post_title":"","ocean_post_subheading":"","ocean_post_title_style":"","ocean_post_title_background_color":"","ocean_post_title_background":0,"ocean_post_title_bg_image_position":"","ocean_post_title_bg_image_attachment":"","ocean_post_title_bg_image_repeat":"","ocean_post_title_bg_image_size":"","ocean_post_title_height":0,"ocean_post_title_bg_overlay":0.5,"ocean_post_title_bg_overlay_color":"","ocean_disable_breadcrumbs":"default","ocean_breadcrumbs_color":"","ocean_breadcrumbs_separator_color":"","ocean_breadcrumbs_links_color":"","ocean_breadcrumbs_links_hover_color":"","ocean_display_footer_widgets":"default","ocean_display_footer_bottom":"default","ocean_custom_footer_template":""},"product_brand":[],"product_cat":[25,26],"product_tag":[],"class_list":{"0":"post-795","1":"product","2":"type-product","3":"status-publish","4":"has-post-thumbnail","6":"product_cat-kurs","7":"product_cat-morski","9":"entry","10":"has-media","12":"first","13":"outofstock","14":"purchasable","15":"product-type-simple","16":"has-product-nav","17":"col","18":"span_1_of_3","19":"owp-content-center","20":"owp-thumbs-layout-horizontal","21":"owp-btn-normal","22":"owp-tabs-layout-horizontal","23":"has-no-thumbnails"},"_links":{"self":[{"href":"https:\/\/mayday-gdynia.pl\/pl_pl\/wp-json\/wp\/v2\/product\/795","targetHints":{"allow":["GET"]}}],"collection":[{"href":"https:\/\/mayday-gdynia.pl\/pl_pl\/wp-json\/wp\/v2\/product"}],"about":[{"href":"https:\/\/mayday-gdynia.pl\/pl_pl\/wp-json\/wp\/v2\/types\/product"}],"wp:featuredmedia":[{"embeddable":true,"href":"https:\/\/mayday-gdynia.pl\/pl_pl\/wp-json\/wp\/v2\/media\/2073"}],"wp:attachment":[{"href":"https:\/\/mayday-gdynia.pl\/pl_pl\/wp-json\/wp\/v2\/media?parent=795"}],"wp:term":[{"taxonomy":"product_brand","embeddable":true,"href":"https:\/\/mayday-gdynia.pl\/pl_pl\/wp-json\/wp\/v2\/product_brand?post=795"},{"taxonomy":"product_cat","embeddable":true,"href":"https:\/\/mayday-gdynia.pl\/pl_pl\/wp-json\/wp\/v2\/product_cat?post=795"},{"taxonomy":"product_tag","embeddable":true,"href":"https:\/\/mayday-gdynia.pl\/pl_pl\/wp-json\/wp\/v2\/product_tag?post=795"}],"curies":[{"name":"wp","href":"https:\/\/api.w.org\/{rel}","templated":true}]}}