{"id":472,"date":"2018-11-06T14:55:57","date_gmt":"2018-11-06T13:55:57","guid":{"rendered":"https:\/\/mayday-gdynia.pl\/?post_type=product&#038;p=472"},"modified":"2019-06-05T20:28:12","modified_gmt":"2019-06-05T18:28:12","slug":"pierwsza-pomoc-bls","status":"publish","type":"product","link":"https:\/\/mayday-gdynia.pl\/pl_pl\/produkt\/pierwsza-pomoc-bls\/","title":{"rendered":"Pierwsza Pomoc <br>przedmedyczna"},"content":{"rendered":"<p>Szkolenie z zakresu pierwszej pomocy medycznej. Tematyk\u0119 szkole\u0144 mo\u017cna \u0142\u0105czy\u0107 i dostosowywa\u0107 do grupy zawodowej oraz potrzeb uczestnik\u00f3w.\u00a0Kursy s\u0105 przeprowadzane wed\u0142ug wytycznych Europejskiej Rady Resuscytacji, a uczestnicy otrzymuj\u0105 za\u015bwiadczenie o jego uko\u0144czeniu.<\/p>\n<p><b>Dla kogo<\/b>:<\/p>\n<p>Jest to szkolenie dla ka\u017cdego, kto chcia\u0142by wiedzie\u0107 jak udzieli\u0107 podstawowej pomocy w przypadku poszkodowanego w stanie nag\u0142ego zagro\u017cenia \u017cycia i zdrowia, w ka\u017cdej grupie wiekowej.<\/p>\n<p>Plan szkolenia:<\/p>\n<p>1. Pierwsza pomoc aspekty prawne<span class=\"Apple-converted-space\">\u00a0<\/span><\/p>\n<p>2. Przypomnienie anatomii cz\u0142owieka oraz w\u0142a\u015bciwa ocena stanu fizjologicznego poszkodowanego.<span class=\"Apple-converted-space\">\u00a0<\/span><\/p>\n<p>3. Zasady bezpiecze\u0144stwa na miejscu zdarzenia, om\u00f3wienie zagro\u017ce\u0144 \u015brodowiskowych oraz ich<\/p>\n<p>wp\u0142yw na powstanie ew. urazu, zagro\u017cenia \u017cycia.<\/p>\n<p>4. Apteczka pierwszej pomocy<span class=\"Apple-converted-space\">\u00a0 <\/span>&#8211; wyposa\u017cenie .<\/p>\n<p>5. Utrata przytomno\u015bci, omdlenie, zas\u0142abni\u0119cie<span class=\"Apple-converted-space\">\u00a0<\/span><\/p>\n<p>6. Reanimacja<span class=\"Apple-converted-space\">\u00a0 <\/span>kr\u0105\u017ceniowo oddechowa z Automatycznym defibrylatorem AED ; Doros\u0142y \/ Dziecko<\/p>\n<p>7. Pierwsza pomoc w urazach z wykorzystaniem medycznego oraz improwizowanego sprz\u0119tu:<\/p>\n<p>&#8211;<span class=\"Apple-converted-space\">\u00a0 <\/span>rany i metody zaopatrywania z godnie z miejscem<span class=\"Apple-converted-space\">\u00a0 <\/span>i charakterem wyst\u0105pienia<\/p>\n<p>&#8211;<span class=\"Apple-converted-space\">\u00a0 <\/span>z\u0142amania, skr\u0119cenia, zwichni\u0119cia , uraz kr\u0119gos\u0142upa<\/p>\n<p>&#8211; cia\u0142o obce, zakrztuszenia<\/p>\n<p>&#8211;<span class=\"Apple-converted-space\">\u00a0 <\/span>oparzenia<\/p>\n<p>&#8211;<span class=\"Apple-converted-space\">\u00a0 <\/span>hipotermia<span class=\"Apple-converted-space\">\u00a0<\/span><\/p>\n<p>&#8211;<span class=\"Apple-converted-space\">\u00a0 <\/span>odmro\u017cenia<\/p>\n<p>8. Pierwsza pomoc w nag\u0142ych zachorowaniach m.in. :<\/p>\n<p>&#8211; uczulenia, ugryzienia owad\u00f3w &#8211; Anafilaksja<\/p>\n<p>&#8211; udar cieplny , przegrzanie cieplne<\/p>\n<p>&#8211; astma<\/p>\n<p>&#8211; b\u00f3l w klatce piersiowej- Zawa\u0142<span class=\"Apple-converted-space\">\u00a0<\/span><\/p>\n<p>&#8211; udar m\u00f3zgu<\/p>\n<p>&#8211; epilepsja &#8211; padaczka<\/p>\n<p><b>W trakcie cz\u0119\u015b<\/b><b>ci teoretycznej prowadzone<span class=\"Apple-converted-space\">\u00a0 <\/span>s<\/b><b>\u0105<\/b><b> <span class=\"Apple-converted-space\">\u00a0 <\/span><\/b><b>\u0107<\/b><b>wiczenia w celu nabycia i utrwalenia<\/b><\/p>\n<p><b>umiej<\/b><b>\u0119tno\u015bci przez s\u0142uchaczy.<span class=\"Apple-converted-space\">\u00a0<\/span><\/b><\/p>\n<p><b>Kursant otrzymuje Certyfikat uko\u0144czenia szkolenia z pierwszej pomocy wystawiony przez akredytowany o\u015brodek szkoleniowy.<span class=\"Apple-converted-space\">\u00a0<\/span><\/b><\/p>\n<p><b>Szkolenie jest zgodne z wytycznymi<span class=\"Apple-converted-space\">\u00a0 <\/span>ERC i PRC 2015r.<\/b><\/p>\n","protected":false},"excerpt":{"rendered":"<p>Szkolenie z zakresu pierwszej pomocy. Tematyk\u0119 szkole\u0144 mo\u017cna \u0142\u0105czy\u0107 i dostosowywa\u0107 do grupy zawodowej oraz potrzeb uczestnik\u00f3w.\u00a0Kursy s\u0105 przeprowadzane wed\u0142ug wytycznych Europejskiej Rady Resuscytacji, a uczestnicy otrzymuj\u0105 za\u015bwiadczenie o jego uko\u0144czeniu.<\/p>\n","protected":false},"featured_media":486,"template":"","meta":{"ocean_post_layout":"","ocean_both_sidebars_style":"","ocean_both_sidebars_content_width":0,"ocean_both_sidebars_sidebars_width":0,"ocean_sidebar":"","ocean_second_sidebar":"","ocean_disable_margins":"enable","ocean_add_body_class":"","ocean_shortcode_before_top_bar":"","ocean_shortcode_after_top_bar":"","ocean_shortcode_before_header":"","ocean_shortcode_after_header":"","ocean_has_shortcode":"","ocean_shortcode_after_title":"","ocean_shortcode_before_footer_widgets":"","ocean_shortcode_after_footer_widgets":"","ocean_shortcode_before_footer_bottom":"","ocean_shortcode_after_footer_bottom":"","ocean_display_top_bar":"default","ocean_display_header":"default","ocean_header_style":"","ocean_center_header_left_menu":"","ocean_custom_header_template":"","ocean_custom_logo":0,"ocean_custom_retina_logo":0,"ocean_custom_logo_max_width":0,"ocean_custom_logo_tablet_max_width":0,"ocean_custom_logo_mobile_max_width":0,"ocean_custom_logo_max_height":0,"ocean_custom_logo_tablet_max_height":0,"ocean_custom_logo_mobile_max_height":0,"ocean_header_custom_menu":"","ocean_menu_typo_font_family":"","ocean_menu_typo_font_subset":"","ocean_menu_typo_font_size":0,"ocean_menu_typo_font_size_tablet":0,"ocean_menu_typo_font_size_mobile":0,"ocean_menu_typo_font_size_unit":"px","ocean_menu_typo_font_weight":"","ocean_menu_typo_font_weight_tablet":"","ocean_menu_typo_font_weight_mobile":"","ocean_menu_typo_transform":"","ocean_menu_typo_transform_tablet":"","ocean_menu_typo_transform_mobile":"","ocean_menu_typo_line_height":0,"ocean_menu_typo_line_height_tablet":0,"ocean_menu_typo_line_height_mobile":0,"ocean_menu_typo_line_height_unit":"","ocean_menu_typo_spacing":0,"ocean_menu_typo_spacing_tablet":0,"ocean_menu_typo_spacing_mobile":0,"ocean_menu_typo_spacing_unit":"","ocean_menu_link_color":"","ocean_menu_link_color_hover":"","ocean_menu_link_color_active":"","ocean_menu_link_background":"","ocean_menu_link_hover_background":"","ocean_menu_link_active_background":"","ocean_menu_social_links_bg":"","ocean_menu_social_hover_links_bg":"","ocean_menu_social_links_color":"","ocean_menu_social_hover_links_color":"","ocean_disable_title":"default","ocean_disable_heading":"default","ocean_post_title":"","ocean_post_subheading":"","ocean_post_title_style":"","ocean_post_title_background_color":"","ocean_post_title_background":0,"ocean_post_title_bg_image_position":"","ocean_post_title_bg_image_attachment":"","ocean_post_title_bg_image_repeat":"","ocean_post_title_bg_image_size":"","ocean_post_title_height":0,"ocean_post_title_bg_overlay":0.5,"ocean_post_title_bg_overlay_color":"","ocean_disable_breadcrumbs":"default","ocean_breadcrumbs_color":"","ocean_breadcrumbs_separator_color":"","ocean_breadcrumbs_links_color":"","ocean_breadcrumbs_links_hover_color":"","ocean_display_footer_widgets":"default","ocean_display_footer_bottom":"default","ocean_custom_footer_template":""},"product_brand":[],"product_cat":[32],"product_tag":[],"class_list":{"0":"post-472","1":"product","2":"type-product","3":"status-publish","4":"has-post-thumbnail","6":"product_cat-medyczne","8":"entry","9":"has-media","11":"first","12":"outofstock","13":"purchasable","14":"product-type-simple","15":"has-product-nav","16":"col","17":"span_1_of_3","18":"owp-content-center","19":"owp-thumbs-layout-horizontal","20":"owp-btn-normal","21":"owp-tabs-layout-horizontal","22":"has-no-thumbnails"},"_links":{"self":[{"href":"https:\/\/mayday-gdynia.pl\/pl_pl\/wp-json\/wp\/v2\/product\/472","targetHints":{"allow":["GET"]}}],"collection":[{"href":"https:\/\/mayday-gdynia.pl\/pl_pl\/wp-json\/wp\/v2\/product"}],"about":[{"href":"https:\/\/mayday-gdynia.pl\/pl_pl\/wp-json\/wp\/v2\/types\/product"}],"wp:featuredmedia":[{"embeddable":true,"href":"https:\/\/mayday-gdynia.pl\/pl_pl\/wp-json\/wp\/v2\/media\/486"}],"wp:attachment":[{"href":"https:\/\/mayday-gdynia.pl\/pl_pl\/wp-json\/wp\/v2\/media?parent=472"}],"wp:term":[{"taxonomy":"product_brand","embeddable":true,"href":"https:\/\/mayday-gdynia.pl\/pl_pl\/wp-json\/wp\/v2\/product_brand?post=472"},{"taxonomy":"product_cat","embeddable":true,"href":"https:\/\/mayday-gdynia.pl\/pl_pl\/wp-json\/wp\/v2\/product_cat?post=472"},{"taxonomy":"product_tag","embeddable":true,"href":"https:\/\/mayday-gdynia.pl\/pl_pl\/wp-json\/wp\/v2\/product_tag?post=472"}],"curies":[{"name":"wp","href":"https:\/\/api.w.org\/{rel}","templated":true}]}}