{"id":469,"date":"2018-11-06T14:53:57","date_gmt":"2018-11-06T13:53:57","guid":{"rendered":"https:\/\/mayday-gdynia.pl\/?post_type=product&#038;p=469"},"modified":"2020-01-24T14:18:46","modified_gmt":"2020-01-24T13:18:46","slug":"pierwsza-pomoc-z-elementami-medycyny-taktycznej","status":"publish","type":"product","link":"https:\/\/mayday-gdynia.pl\/pl_pl\/produkt\/pierwsza-pomoc-z-elementami-medycyny-taktycznej\/","title":{"rendered":"Pierwsza pomoc <br>z elementami medycyny taktycznej TCCC"},"content":{"rendered":"<p>Szkolenie dedykowany jest wszystkim osobom, kt\u00f3re mog\u0105 by\u0107 nara\u017cone na dzia\u0142anie broni palnej<span class=\"Apple-converted-space\">\u00a0 <\/span>lub innego<span class=\"Apple-converted-space\">\u00a0 <\/span>niebezpiecznego<span class=\"Apple-converted-space\">\u00a0 <\/span>narz\u0119dzia.<\/p>\n<p>Wiedza kursu oparta jest na najnowszych wytycznych europejskiej rady resuscytacji ERC oraz ratownictwie taktycznym TCCC.<\/p>\n<p>Szkolenie odbywa si\u0119 poprzez aktywne pokazy<span class=\"Apple-converted-space\">\u00a0 <\/span>medyczne tak, aby ka\u017cdy z kursant\u00f3w po uzyskaniu wiedzy\u00a0\u00a0i przetrenowaniu procedur ratunkowych , zmierzy\u0142 si\u0119 z w\u0142asnym zadaniem medycznym.<span class=\"Apple-converted-space\">\u00a0<\/span><\/p>\n<p>Szkolenie\u00a0\u00a0to w szczeg\u00f3lno\u015bci dedykowany jest\u00a0\u00a0:<\/p>\n<p>Ka\u017cdemu kto nosi bron paln\u0105 , lub mo\u017ce by\u0107 nara\u017cony na jej dzia\u0142anie.<span class=\"Apple-converted-space\">\u00a0<\/span><\/p>\n<p><b>Plan szkolenia:<\/b><\/p>\n<p><b>PIERWSZA POMOC<\/b><\/p>\n<p>1. Pierwsza pomoc aspekty prawne<\/p>\n<p>2. Przypomnienie anatomii cz\u0142owieka oraz w\u0142a\u015bciwa ocena stanu fizjologicznego<\/p>\n<p><span class=\"Apple-converted-space\">\u00a0 \u00a0 <\/span>poszkodowanego.<\/p>\n<p>3. Zasady bezpiecze\u0144stwa na miejscu zdarzenia, om\u00f3wienie zagro\u017ce\u0144 \u015brodowiskowych oraz ich<\/p>\n<p><span class=\"Apple-converted-space\">\u00a0 \u00a0 <\/span>wp\u0142yw na powstanie ew. urazu, zagro\u017cenia \u017cycia.<\/p>\n<p>4. Apteczka pierwszej pomocy\u00a0\u00a0\u2013 wyposa\u017cenie .<\/p>\n<p>5. Utrata przytomno\u015bci, omdlenie, zas\u0142abni\u0119cie<\/p>\n<p>6. Reanimacja\u00a0\u00a0kr\u0105\u017ceniowo oddechowa z Automatycznym defibrylatorem AED ; Doros\u0142y \/ Dziecko<\/p>\n<p>7. Pierwsza pomoc w urazach z wykorzystaniem medycznego oraz improwizowanego sprz\u0119tu:<\/p>\n<ul>\n<li>\u2013\u00a0\u00a0rany i metody zaopatrywania z godnie z miejscem\u00a0\u00a0i charakterem wyst\u0105pienia<\/li>\n<li>\u2013\u00a0\u00a0\u0142amania, skr\u0119cenia, zwichni\u0119cia , uraz kr\u0119gos\u0142upa<\/li>\n<li>\u2013<span class=\"Apple-converted-space\">\u00a0 <\/span>cia\u0142o obce<span class=\"Apple-converted-space\">\u00a0<\/span><\/li>\n<li>\u2013\u00a0\u00a0oparzenia<\/li>\n<li>\u2013\u00a0\u00a0hipotermia<\/li>\n<li>\u2013\u00a0\u00a0odmro\u017cenia<\/li>\n<\/ul>\n<p>8. Pierwsza pomoc w nag\u0142ych zachorowaniach m.in. :<\/p>\n<ul>\n<li>\u2013 uczulenia, ugryzienia owad\u00f3w \u2013 Anafilaksja<\/li>\n<li>\u2013 udar cieplny, przegrzanie cieplne<\/li>\n<li>\u2013 astma<\/li>\n<li>\u2013 ostre zespo\u0142y wie\u0144cowe<\/li>\n<li>\u2013 udar m\u00f3zgu<\/li>\n<li>\u2013 epilepsja \u2013 padaczka<\/li>\n<\/ul>\n<p><b>MEDYCYNA TAKTYCZNA<\/b><\/p>\n<ul>\n<li>Szybkie taktyczne badanie poszkodowanego po postrzale. TPA<\/li>\n<li>Tamowania zagra\u017caj\u0105cych \u017cyciu krwotok\u00f3w z u\u017cyciem stazy taktycznej, opatrunk\u00f3w medycznych\n<ul>\n<li>jak i metod improwizowanych.<\/li>\n<\/ul>\n<\/li>\n<li>Umiej\u0119tno\u015bci rozpoznawania dysfunkcji i zaopatrywania dr\u00f3g oddechowych<\/li>\n<li>Umiej\u0119tno\u015b\u0107 w rozpoznawaniu i zaopatrywaniu\u00a0\u00a0uraz\u00f3w klatki piersiowej.<\/li>\n<li>Ewakuacja z miejsca zdarzenia 1-1 , 2-1 , 3-1<\/li>\n<li>Transport poszkodowanego przy pomocy sprz\u0119tu medycznego, taktycznego i improwizowanego.<\/li>\n<\/ul>\n","protected":false},"excerpt":{"rendered":"<p>Pracujesz lub chodzisz z broni\u0105 , lubisz lub musisz<span class=\"Apple-converted-space\">\u00a0 <\/span>podr\u00f3\u017cowa\u0107 w nie do ko\u0144ca bezpieczne miejsca , a mo\u017ce interesuje Ciebie co\u015b wi\u0119cej jak pierwsza pomoc.<span class=\"Apple-converted-space\">\u00a0<\/span><\/p>\n<p>Zatem ten kurs jest dla Ciebie\u2026.<span class=\"Apple-converted-space\">\u00a0<\/span><\/p>\n","protected":false},"featured_media":487,"template":"","meta":{"ocean_post_layout":"","ocean_both_sidebars_style":"","ocean_both_sidebars_content_width":0,"ocean_both_sidebars_sidebars_width":0,"ocean_sidebar":"","ocean_second_sidebar":"","ocean_disable_margins":"enable","ocean_add_body_class":"","ocean_shortcode_before_top_bar":"","ocean_shortcode_after_top_bar":"","ocean_shortcode_before_header":"","ocean_shortcode_after_header":"","ocean_has_shortcode":"","ocean_shortcode_after_title":"","ocean_shortcode_before_footer_widgets":"","ocean_shortcode_after_footer_widgets":"","ocean_shortcode_before_footer_bottom":"","ocean_shortcode_after_footer_bottom":"","ocean_display_top_bar":"default","ocean_display_header":"default","ocean_header_style":"","ocean_center_header_left_menu":"","ocean_custom_header_template":"","ocean_custom_logo":0,"ocean_custom_retina_logo":0,"ocean_custom_logo_max_width":0,"ocean_custom_logo_tablet_max_width":0,"ocean_custom_logo_mobile_max_width":0,"ocean_custom_logo_max_height":0,"ocean_custom_logo_tablet_max_height":0,"ocean_custom_logo_mobile_max_height":0,"ocean_header_custom_menu":"","ocean_menu_typo_font_family":"","ocean_menu_typo_font_subset":"","ocean_menu_typo_font_size":0,"ocean_menu_typo_font_size_tablet":0,"ocean_menu_typo_font_size_mobile":0,"ocean_menu_typo_font_size_unit":"px","ocean_menu_typo_font_weight":"","ocean_menu_typo_font_weight_tablet":"","ocean_menu_typo_font_weight_mobile":"","ocean_menu_typo_transform":"","ocean_menu_typo_transform_tablet":"","ocean_menu_typo_transform_mobile":"","ocean_menu_typo_line_height":0,"ocean_menu_typo_line_height_tablet":0,"ocean_menu_typo_line_height_mobile":0,"ocean_menu_typo_line_height_unit":"","ocean_menu_typo_spacing":0,"ocean_menu_typo_spacing_tablet":0,"ocean_menu_typo_spacing_mobile":0,"ocean_menu_typo_spacing_unit":"","ocean_menu_link_color":"","ocean_menu_link_color_hover":"","ocean_menu_link_color_active":"","ocean_menu_link_background":"","ocean_menu_link_hover_background":"","ocean_menu_link_active_background":"","ocean_menu_social_links_bg":"","ocean_menu_social_hover_links_bg":"","ocean_menu_social_links_color":"","ocean_menu_social_hover_links_color":"","ocean_disable_title":"default","ocean_disable_heading":"default","ocean_post_title":"","ocean_post_subheading":"","ocean_post_title_style":"","ocean_post_title_background_color":"","ocean_post_title_background":0,"ocean_post_title_bg_image_position":"","ocean_post_title_bg_image_attachment":"","ocean_post_title_bg_image_repeat":"","ocean_post_title_bg_image_size":"","ocean_post_title_height":0,"ocean_post_title_bg_overlay":0.5,"ocean_post_title_bg_overlay_color":"","ocean_disable_breadcrumbs":"default","ocean_breadcrumbs_color":"","ocean_breadcrumbs_separator_color":"","ocean_breadcrumbs_links_color":"","ocean_breadcrumbs_links_hover_color":"","ocean_display_footer_widgets":"default","ocean_display_footer_bottom":"default","ocean_custom_footer_template":""},"product_brand":[],"product_cat":[32],"product_tag":[],"class_list":{"0":"post-469","1":"product","2":"type-product","3":"status-publish","4":"has-post-thumbnail","6":"product_cat-medyczne","8":"entry","9":"has-media","11":"first","12":"outofstock","13":"purchasable","14":"product-type-simple","15":"has-product-nav","16":"col","17":"span_1_of_3","18":"owp-content-center","19":"owp-thumbs-layout-horizontal","20":"owp-btn-normal","21":"owp-tabs-layout-horizontal","22":"has-no-thumbnails"},"_links":{"self":[{"href":"https:\/\/mayday-gdynia.pl\/pl_pl\/wp-json\/wp\/v2\/product\/469","targetHints":{"allow":["GET"]}}],"collection":[{"href":"https:\/\/mayday-gdynia.pl\/pl_pl\/wp-json\/wp\/v2\/product"}],"about":[{"href":"https:\/\/mayday-gdynia.pl\/pl_pl\/wp-json\/wp\/v2\/types\/product"}],"wp:featuredmedia":[{"embeddable":true,"href":"https:\/\/mayday-gdynia.pl\/pl_pl\/wp-json\/wp\/v2\/media\/487"}],"wp:attachment":[{"href":"https:\/\/mayday-gdynia.pl\/pl_pl\/wp-json\/wp\/v2\/media?parent=469"}],"wp:term":[{"taxonomy":"product_brand","embeddable":true,"href":"https:\/\/mayday-gdynia.pl\/pl_pl\/wp-json\/wp\/v2\/product_brand?post=469"},{"taxonomy":"product_cat","embeddable":true,"href":"https:\/\/mayday-gdynia.pl\/pl_pl\/wp-json\/wp\/v2\/product_cat?post=469"},{"taxonomy":"product_tag","embeddable":true,"href":"https:\/\/mayday-gdynia.pl\/pl_pl\/wp-json\/wp\/v2\/product_tag?post=469"}],"curies":[{"name":"wp","href":"https:\/\/api.w.org\/{rel}","templated":true}]}}