{"id":369,"date":"2018-11-07T10:58:12","date_gmt":"2018-11-07T09:58:12","guid":{"rendered":"https:\/\/mayday-gdynia.pl\/?post_type=product&#038;p=369"},"modified":"2026-04-08T09:27:16","modified_gmt":"2026-04-08T07:27:16","slug":"ratownik-morski","status":"publish","type":"product","link":"https:\/\/mayday-gdynia.pl\/pl_pl\/produkt\/ratownik-morski\/","title":{"rendered":"Ratownik morski"},"content":{"rendered":"<div class=\"wpb_text_column wpb_content_element \">\n<div class=\"wpb_wrapper\">\n<p><b>Program kursu:<\/b> Wiedza o konstrukcja, obs\u0142uga i wyposa\u017cenie szybkiej \u0142odzi ratowniczej, urz\u0105dzenia do opuszczania szybkich \u0142odzi ratowniczych, metody stawiania przewr\u00f3conych szybkich \u0142odzi ratowniczych, zasady manewrowania szybk\u0105 \u0142odzi\u0105 ratownicz\u0105 w niepomy\u015blnych warunkach pogodowych, sposoby przygotowania szybkiej \u0142odzi ratowniczej do natychmiastowego u\u017cycia, zasady wsp\u00f3\u0142pracy ze \u015bmig\u0142owcem. Znajomo\u015b\u0107 budowy, konserwacji, naprawy i wyposa\u017cenia szybkich \u0142odzi ratowniczych, kierowanie urz\u0105dzeniami i \u015brodkami do opuszczania i podnoszenia szybkich \u0142odzi ratowniczych, kierowanie podnoszeniem i opuszczaniem powszechnie stosowanej szybkiej \u0142odzi ratowniczej, kierowanie szybk\u0105 \u0142odzi\u0105 ratownicz\u0105 po jej opuszczeniu, obs\u0142uga silnika szybkiej \u0142odzi ratowniczej.<\/p>\n<p>Cena kursu obejmuje: przeszkolenie, k\u0105cik kawowo-herbaciany ze s\u0142odkim pocz\u0119stunkiem, wydanie certyfikatu przez UM.<\/p>\n<\/div>\n<\/div>\n<div id=\"mec_skin_2263\" class=\"mec-wrap mec-skin-list-container\">\n<div id=\"mec_skin_events_2263\" class=\"mec-skin-list-events-container\"><strong>Czas trwania kursu: <\/strong>3 dni, (je\u015bli na tydzie\u0144 przed szkoleniem nie uzbiera si\u0119 grupa termin odwo\u0142ujemy)<\/div>\n<\/div>\n<div><\/div>\n<div>\n<p>&nbsp;<\/p>\n<p><strong>Termin stycze\u0144 2026<\/strong>: od 30<\/p>\n<p><strong>Termin luty 2026<\/strong>: od 27\u00a0<strong>(kurs odwo\u0142any, nie zebra\u0142a si\u0119 grupa)<\/strong><\/p>\n<p><strong>Termin marzec 2026<\/strong>: od 20\u00a0<strong>(kurs odwo\u0142any, nie zebra\u0142a si\u0119 grupa)<\/strong><\/p>\n<p><strong>Termin kwiecie\u0144 2026<\/strong>: od 8<\/p>\n<p><strong>Terminy na maj 2026: <\/strong><\/p>\n<p><strong>Terminy na czerwiec 2026: <\/strong><\/p>\n<p><strong>Terminy na lipiec 2026: <\/strong><\/p>\n<p><strong>Terminy na sierpie\u0144 2026: <\/strong><\/p>\n<p><strong>Terminy na wrzesie\u0144 2026: <\/strong><\/p>\n<p><strong>Terminy na pa\u017adziernik 2026: <\/strong><\/p>\n<p><strong>Terminy na listopad 2026: <\/strong><\/p>\n<p><strong>Terminy na grudzie\u0144 2026: <\/strong><\/p>\n<\/div>\n","protected":false},"excerpt":{"rendered":"<p>Wiedza o konstrukcja, obs\u0142uga i wyposa\u017cenie szybkiej \u0142odzi ratowniczej, urz\u0105dzenia do opuszczania szybkich \u0142odzi ratowniczych, metody stawiania przewr\u00f3conych szybkich \u0142odzi ratowniczych, zasady manewrowania szybk\u0105 \u0142odzi\u0105 ratownicz\u0105 w niepomy\u015blnych warunkach pogodowych, sposoby przygotowania szybkiej \u0142odzi ratowniczej do natychmiastowego u\u017cycia, zasady wsp\u00f3\u0142pracy ze \u015bmig\u0142owcem.<\/p>\n","protected":false},"featured_media":153,"template":"","meta":{"ocean_post_layout":"","ocean_both_sidebars_style":"","ocean_both_sidebars_content_width":0,"ocean_both_sidebars_sidebars_width":0,"ocean_sidebar":"0","ocean_second_sidebar":"0","ocean_disable_margins":"enable","ocean_add_body_class":"","ocean_shortcode_before_top_bar":"","ocean_shortcode_after_top_bar":"","ocean_shortcode_before_header":"","ocean_shortcode_after_header":"","ocean_has_shortcode":"","ocean_shortcode_after_title":"","ocean_shortcode_before_footer_widgets":"","ocean_shortcode_after_footer_widgets":"","ocean_shortcode_before_footer_bottom":"","ocean_shortcode_after_footer_bottom":"","ocean_display_top_bar":"default","ocean_display_header":"default","ocean_header_style":"","ocean_center_header_left_menu":"0","ocean_custom_header_template":"0","ocean_custom_logo":0,"ocean_custom_retina_logo":0,"ocean_custom_logo_max_width":0,"ocean_custom_logo_tablet_max_width":0,"ocean_custom_logo_mobile_max_width":0,"ocean_custom_logo_max_height":0,"ocean_custom_logo_tablet_max_height":0,"ocean_custom_logo_mobile_max_height":0,"ocean_header_custom_menu":"0","ocean_menu_typo_font_family":"0","ocean_menu_typo_font_subset":"","ocean_menu_typo_font_size":0,"ocean_menu_typo_font_size_tablet":0,"ocean_menu_typo_font_size_mobile":0,"ocean_menu_typo_font_size_unit":"px","ocean_menu_typo_font_weight":"","ocean_menu_typo_font_weight_tablet":"","ocean_menu_typo_font_weight_mobile":"","ocean_menu_typo_transform":"","ocean_menu_typo_transform_tablet":"","ocean_menu_typo_transform_mobile":"","ocean_menu_typo_line_height":0,"ocean_menu_typo_line_height_tablet":0,"ocean_menu_typo_line_height_mobile":0,"ocean_menu_typo_line_height_unit":"","ocean_menu_typo_spacing":0,"ocean_menu_typo_spacing_tablet":0,"ocean_menu_typo_spacing_mobile":0,"ocean_menu_typo_spacing_unit":"","ocean_menu_link_color":"","ocean_menu_link_color_hover":"","ocean_menu_link_color_active":"","ocean_menu_link_background":"","ocean_menu_link_hover_background":"","ocean_menu_link_active_background":"","ocean_menu_social_links_bg":"","ocean_menu_social_hover_links_bg":"","ocean_menu_social_links_color":"","ocean_menu_social_hover_links_color":"","ocean_disable_title":"default","ocean_disable_heading":"default","ocean_post_title":"","ocean_post_subheading":"","ocean_post_title_style":"","ocean_post_title_background_color":"","ocean_post_title_background":0,"ocean_post_title_bg_image_position":"","ocean_post_title_bg_image_attachment":"","ocean_post_title_bg_image_repeat":"","ocean_post_title_bg_image_size":"","ocean_post_title_height":0,"ocean_post_title_bg_overlay":0.5,"ocean_post_title_bg_overlay_color":"","ocean_disable_breadcrumbs":"default","ocean_breadcrumbs_color":"","ocean_breadcrumbs_separator_color":"","ocean_breadcrumbs_links_color":"","ocean_breadcrumbs_links_hover_color":"","ocean_display_footer_widgets":"default","ocean_display_footer_bottom":"default","ocean_custom_footer_template":"0"},"product_brand":[],"product_cat":[25,26],"product_tag":[],"class_list":{"0":"post-369","1":"product","2":"type-product","3":"status-publish","4":"has-post-thumbnail","6":"product_cat-kurs","7":"product_cat-morski","9":"entry","10":"has-media","12":"first","13":"outofstock","14":"sold-individually","15":"purchasable","16":"product-type-simple","17":"has-product-nav","18":"col","19":"span_1_of_3","20":"owp-content-center","21":"owp-thumbs-layout-horizontal","22":"owp-btn-normal","23":"owp-tabs-layout-horizontal","24":"has-no-thumbnails"},"_links":{"self":[{"href":"https:\/\/mayday-gdynia.pl\/pl_pl\/wp-json\/wp\/v2\/product\/369","targetHints":{"allow":["GET"]}}],"collection":[{"href":"https:\/\/mayday-gdynia.pl\/pl_pl\/wp-json\/wp\/v2\/product"}],"about":[{"href":"https:\/\/mayday-gdynia.pl\/pl_pl\/wp-json\/wp\/v2\/types\/product"}],"wp:featuredmedia":[{"embeddable":true,"href":"https:\/\/mayday-gdynia.pl\/pl_pl\/wp-json\/wp\/v2\/media\/153"}],"wp:attachment":[{"href":"https:\/\/mayday-gdynia.pl\/pl_pl\/wp-json\/wp\/v2\/media?parent=369"}],"wp:term":[{"taxonomy":"product_brand","embeddable":true,"href":"https:\/\/mayday-gdynia.pl\/pl_pl\/wp-json\/wp\/v2\/product_brand?post=369"},{"taxonomy":"product_cat","embeddable":true,"href":"https:\/\/mayday-gdynia.pl\/pl_pl\/wp-json\/wp\/v2\/product_cat?post=369"},{"taxonomy":"product_tag","embeddable":true,"href":"https:\/\/mayday-gdynia.pl\/pl_pl\/wp-json\/wp\/v2\/product_tag?post=369"}],"curies":[{"name":"wp","href":"https:\/\/api.w.org\/{rel}","templated":true}]}}