{"id":315,"date":"2018-11-07T11:40:53","date_gmt":"2018-11-07T10:40:53","guid":{"rendered":"https:\/\/mayday-gdynia.pl\/?post_type=product&#038;p=315"},"modified":"2024-09-13T12:57:53","modified_gmt":"2024-09-13T10:57:53","slug":"ochrona-przeciwpozarowa","status":"publish","type":"product","link":"https:\/\/mayday-gdynia.pl\/pl_pl\/produkt\/ochrona-przeciwpozarowa\/","title":{"rendered":"Ochrona Przeciwpo\u017carowa Podstawowa"},"content":{"rendered":"<p>Zakres szkolenia oparty o modelowy program kursu Mi\u0119dzynarodowej Organizacji Morza \u2013 IMO 1.20<\/p>\n<p>Kurs jest elementem Zintegrowanego Kursu STCW.<\/p>\n<p>Program kursu obejmuje podstawowe zagadnienia z zakresu walki z po\u017carem na statku, a tak\u017ce sposoby zapobiegania po\u017carom oraz stosowanie sprz\u0119tu w akcji ga\u015bniczej. Osoba, kt\u00f3ra uko\u0144czy kurs posiada\u0107 b\u0119dzie wiedz\u0119 na temat: przyczyn po\u017car\u00f3w i sposob\u00f3w zapobiegania po\u017carom na statkach, system\u00f3w i instalacji przeciwpo\u017carowych na statkach, rodzaj\u00f3w sprz\u0119tu po\u017carniczego, typ\u00f3w sta\u0142ych instalacji ga\u015bniczych, organizacji i techniki walki z po\u017carem na statku (alarmy, \u015brodki \u0142\u0105czno\u015bci, procedury), \u015brodk\u00f3w ga\u015bniczych<\/p>\n<p>Szkolenie obejmuje \u0107wiczenia na poligonie po\u017carniczym obejmuj\u0105ce pomiar temperatury zap\u0142onu, gaszenie ma\u0142ych i du\u017cych po\u017car\u00f3w przy u\u017cyciu ga\u015bnic oraz strumieni wody i piany, przej\u015bcie przez przestrze\u0144 wype\u0142nion\u0105 pian\u0105 lekk\u0105, \u0107wiczenia z aparatami oddechowymi w komorze dymowej, akcj\u0119 ratowniczo \u2013 ga\u015bnicz\u0105 w maszynowni).<\/p>\n<p>Kurs obejmuje wk\u0142ady i zaj\u0119cia na poligonie przeciwpo\u017carowym.<\/p>\n<p><strong>Czas trwania:<\/strong> 2-4 dni (wtorek-pi\u0105tek)<\/p>\n<p><strong>Co nale\u017cy przynie\u015b\u0107 na kurs:<\/strong> dow\u00f3d osobisty, <span style=\"text-decoration: underline\">kombinezon roboczy<\/span> na poligon lub co\u015b wygodnego do przebrania.<br \/>\n<strong>Obowi\u0105zuj\u0105 zapisy telefoniczne. Ilo\u015b\u0107 miejsc jest ograniczona.<\/strong><\/p>\n<p>Cena kursu obejmuje: przeszkolenie, k\u0105cik kawowo-herbaciany ze s\u0142odkim pocz\u0119stunkiem, jednorazowy kombinezon z r\u0119kawicami na poligon po\u017carniczy, wydanie certyfikatu przez UM.<\/p>\n<p><strong>Najbli\u017csze planowane terminy: w trakcie trwania kursu STCW<\/strong><\/p>\n","protected":false},"excerpt":{"rendered":"<p>Zakres szkolenia oparty o modelowy program kursu Mi\u0119dzynarodowej Organizacji Morza \u2013 IMO 1.20<\/p>\n","protected":false},"featured_media":603,"template":"","meta":{"ocean_post_layout":"","ocean_both_sidebars_style":"","ocean_both_sidebars_content_width":0,"ocean_both_sidebars_sidebars_width":0,"ocean_sidebar":"","ocean_second_sidebar":"","ocean_disable_margins":"enable","ocean_add_body_class":"","ocean_shortcode_before_top_bar":"","ocean_shortcode_after_top_bar":"","ocean_shortcode_before_header":"","ocean_shortcode_after_header":"","ocean_has_shortcode":"","ocean_shortcode_after_title":"","ocean_shortcode_before_footer_widgets":"","ocean_shortcode_after_footer_widgets":"","ocean_shortcode_before_footer_bottom":"","ocean_shortcode_after_footer_bottom":"","ocean_display_top_bar":"default","ocean_display_header":"default","ocean_header_style":"","ocean_center_header_left_menu":"","ocean_custom_header_template":"","ocean_custom_logo":0,"ocean_custom_retina_logo":0,"ocean_custom_logo_max_width":0,"ocean_custom_logo_tablet_max_width":0,"ocean_custom_logo_mobile_max_width":0,"ocean_custom_logo_max_height":0,"ocean_custom_logo_tablet_max_height":0,"ocean_custom_logo_mobile_max_height":0,"ocean_header_custom_menu":"","ocean_menu_typo_font_family":"","ocean_menu_typo_font_subset":"","ocean_menu_typo_font_size":0,"ocean_menu_typo_font_size_tablet":0,"ocean_menu_typo_font_size_mobile":0,"ocean_menu_typo_font_size_unit":"px","ocean_menu_typo_font_weight":"","ocean_menu_typo_font_weight_tablet":"","ocean_menu_typo_font_weight_mobile":"","ocean_menu_typo_transform":"","ocean_menu_typo_transform_tablet":"","ocean_menu_typo_transform_mobile":"","ocean_menu_typo_line_height":0,"ocean_menu_typo_line_height_tablet":0,"ocean_menu_typo_line_height_mobile":0,"ocean_menu_typo_line_height_unit":"","ocean_menu_typo_spacing":0,"ocean_menu_typo_spacing_tablet":0,"ocean_menu_typo_spacing_mobile":0,"ocean_menu_typo_spacing_unit":"","ocean_menu_link_color":"","ocean_menu_link_color_hover":"","ocean_menu_link_color_active":"","ocean_menu_link_background":"","ocean_menu_link_hover_background":"","ocean_menu_link_active_background":"","ocean_menu_social_links_bg":"","ocean_menu_social_hover_links_bg":"","ocean_menu_social_links_color":"","ocean_menu_social_hover_links_color":"","ocean_disable_title":"default","ocean_disable_heading":"default","ocean_post_title":"","ocean_post_subheading":"","ocean_post_title_style":"","ocean_post_title_background_color":"","ocean_post_title_background":0,"ocean_post_title_bg_image_position":"","ocean_post_title_bg_image_attachment":"","ocean_post_title_bg_image_repeat":"","ocean_post_title_bg_image_size":"","ocean_post_title_height":0,"ocean_post_title_bg_overlay":0.5,"ocean_post_title_bg_overlay_color":"","ocean_disable_breadcrumbs":"default","ocean_breadcrumbs_color":"","ocean_breadcrumbs_separator_color":"","ocean_breadcrumbs_links_color":"","ocean_breadcrumbs_links_hover_color":"","ocean_display_footer_widgets":"default","ocean_display_footer_bottom":"default","ocean_custom_footer_template":""},"product_brand":[],"product_cat":[25,26],"product_tag":[],"class_list":{"0":"post-315","1":"product","2":"type-product","3":"status-publish","4":"has-post-thumbnail","6":"product_cat-kurs","7":"product_cat-morski","9":"entry","10":"has-media","12":"first","13":"outofstock","14":"sold-individually","15":"taxable","16":"shipping-taxable","17":"purchasable","18":"product-type-simple","19":"has-product-nav","20":"col","21":"span_1_of_3","22":"owp-content-center","23":"owp-thumbs-layout-horizontal","24":"owp-btn-normal","25":"owp-tabs-layout-horizontal","26":"has-no-thumbnails"},"_links":{"self":[{"href":"https:\/\/mayday-gdynia.pl\/pl_pl\/wp-json\/wp\/v2\/product\/315","targetHints":{"allow":["GET"]}}],"collection":[{"href":"https:\/\/mayday-gdynia.pl\/pl_pl\/wp-json\/wp\/v2\/product"}],"about":[{"href":"https:\/\/mayday-gdynia.pl\/pl_pl\/wp-json\/wp\/v2\/types\/product"}],"wp:featuredmedia":[{"embeddable":true,"href":"https:\/\/mayday-gdynia.pl\/pl_pl\/wp-json\/wp\/v2\/media\/603"}],"wp:attachment":[{"href":"https:\/\/mayday-gdynia.pl\/pl_pl\/wp-json\/wp\/v2\/media?parent=315"}],"wp:term":[{"taxonomy":"product_brand","embeddable":true,"href":"https:\/\/mayday-gdynia.pl\/pl_pl\/wp-json\/wp\/v2\/product_brand?post=315"},{"taxonomy":"product_cat","embeddable":true,"href":"https:\/\/mayday-gdynia.pl\/pl_pl\/wp-json\/wp\/v2\/product_cat?post=315"},{"taxonomy":"product_tag","embeddable":true,"href":"https:\/\/mayday-gdynia.pl\/pl_pl\/wp-json\/wp\/v2\/product_tag?post=315"}],"curies":[{"name":"wp","href":"https:\/\/api.w.org\/{rel}","templated":true}]}}