{"id":613,"date":"2018-12-01T14:17:25","date_gmt":"2018-12-01T13:17:25","guid":{"rendered":"https:\/\/mayday-gdynia.pl\/?page_id=613"},"modified":"2025-11-26T14:47:08","modified_gmt":"2025-11-26T13:47:08","slug":"rodo","status":"publish","type":"page","link":"https:\/\/mayday-gdynia.pl\/pl_pl\/rodo\/","title":{"rendered":"RODO"},"content":{"rendered":"\t\t<div data-elementor-type=\"wp-post\" data-elementor-id=\"613\" class=\"elementor elementor-613\" data-elementor-post-type=\"page\">\n\t\t\t\t\t\t<section data-particle_enable=\"false\" data-particle-mobile-disabled=\"false\" class=\"elementor-section elementor-top-section elementor-element elementor-element-010f062 elementor-section-boxed elementor-section-height-default elementor-section-height-default\" data-id=\"010f062\" data-element_type=\"section\" data-e-type=\"section\" id=\"hero\" data-settings=\"{&quot;background_background&quot;:&quot;classic&quot;,&quot;jet_parallax_layout_list&quot;:[{&quot;jet_parallax_layout_image&quot;:{&quot;url&quot;:&quot;&quot;,&quot;id&quot;:&quot;&quot;,&quot;size&quot;:&quot;&quot;},&quot;_id&quot;:&quot;018883c&quot;,&quot;jet_parallax_layout_speed&quot;:{&quot;unit&quot;:&quot;%&quot;,&quot;size&quot;:50,&quot;sizes&quot;:[]},&quot;jet_parallax_layout_image_tablet&quot;:{&quot;url&quot;:&quot;&quot;,&quot;id&quot;:&quot;&quot;,&quot;size&quot;:&quot;&quot;},&quot;jet_parallax_layout_image_mobile&quot;:{&quot;url&quot;:&quot;&quot;,&quot;id&quot;:&quot;&quot;,&quot;size&quot;:&quot;&quot;},&quot;jet_parallax_layout_type&quot;:&quot;scroll&quot;,&quot;jet_parallax_layout_direction&quot;:&quot;1&quot;,&quot;jet_parallax_layout_fx_direction&quot;:null,&quot;jet_parallax_layout_z_index&quot;:&quot;&quot;,&quot;jet_parallax_layout_bg_x&quot;:50,&quot;jet_parallax_layout_bg_x_tablet&quot;:&quot;&quot;,&quot;jet_parallax_layout_bg_x_mobile&quot;:&quot;&quot;,&quot;jet_parallax_layout_bg_y&quot;:50,&quot;jet_parallax_layout_bg_y_tablet&quot;:&quot;&quot;,&quot;jet_parallax_layout_bg_y_mobile&quot;:&quot;&quot;,&quot;jet_parallax_layout_bg_size&quot;:&quot;auto&quot;,&quot;jet_parallax_layout_bg_size_tablet&quot;:&quot;&quot;,&quot;jet_parallax_layout_bg_size_mobile&quot;:&quot;&quot;,&quot;jet_parallax_layout_animation_prop&quot;:&quot;transform&quot;,&quot;jet_parallax_layout_on&quot;:[&quot;desktop&quot;,&quot;tablet&quot;]}]}\">\n\t\t\t\t\t\t\t<div class=\"elementor-background-overlay\"><\/div>\n\t\t\t\t\t\t\t<div class=\"elementor-container elementor-column-gap-default\">\n\t\t\t\t\t<div class=\"elementor-column elementor-col-100 elementor-top-column elementor-element elementor-element-b85091b\" data-id=\"b85091b\" data-element_type=\"column\" data-e-type=\"column\">\n\t\t\t<div class=\"elementor-widget-wrap elementor-element-populated\">\n\t\t\t\t\t\t<div class=\"elementor-element elementor-element-2a3ea12 elementor-widget elementor-widget-heading\" data-id=\"2a3ea12\" data-element_type=\"widget\" data-e-type=\"widget\" data-widget_type=\"heading.default\">\n\t\t\t\t<div class=\"elementor-widget-container\">\n\t\t\t\t\t<h1 class=\"elementor-heading-title elementor-size-default\">RODO<\/h1>\t\t\t\t<\/div>\n\t\t\t\t<\/div>\n\t\t\t\t\t<\/div>\n\t\t<\/div>\n\t\t\t\t\t<\/div>\n\t\t<\/section>\n\t\t\t\t<section data-particle_enable=\"false\" data-particle-mobile-disabled=\"false\" class=\"elementor-section elementor-top-section elementor-element elementor-element-489442b elementor-section-boxed elementor-section-height-default elementor-section-height-default\" data-id=\"489442b\" data-element_type=\"section\" data-e-type=\"section\" data-settings=\"{&quot;jet_parallax_layout_list&quot;:[{&quot;jet_parallax_layout_image&quot;:{&quot;url&quot;:&quot;&quot;,&quot;id&quot;:&quot;&quot;,&quot;size&quot;:&quot;&quot;},&quot;_id&quot;:&quot;5fe0f9e&quot;,&quot;jet_parallax_layout_speed&quot;:{&quot;unit&quot;:&quot;%&quot;,&quot;size&quot;:50,&quot;sizes&quot;:[]},&quot;jet_parallax_layout_image_tablet&quot;:{&quot;url&quot;:&quot;&quot;,&quot;id&quot;:&quot;&quot;,&quot;size&quot;:&quot;&quot;},&quot;jet_parallax_layout_image_mobile&quot;:{&quot;url&quot;:&quot;&quot;,&quot;id&quot;:&quot;&quot;,&quot;size&quot;:&quot;&quot;},&quot;jet_parallax_layout_type&quot;:&quot;scroll&quot;,&quot;jet_parallax_layout_direction&quot;:&quot;1&quot;,&quot;jet_parallax_layout_fx_direction&quot;:null,&quot;jet_parallax_layout_z_index&quot;:&quot;&quot;,&quot;jet_parallax_layout_bg_x&quot;:50,&quot;jet_parallax_layout_bg_x_tablet&quot;:&quot;&quot;,&quot;jet_parallax_layout_bg_x_mobile&quot;:&quot;&quot;,&quot;jet_parallax_layout_bg_y&quot;:50,&quot;jet_parallax_layout_bg_y_tablet&quot;:&quot;&quot;,&quot;jet_parallax_layout_bg_y_mobile&quot;:&quot;&quot;,&quot;jet_parallax_layout_bg_size&quot;:&quot;auto&quot;,&quot;jet_parallax_layout_bg_size_tablet&quot;:&quot;&quot;,&quot;jet_parallax_layout_bg_size_mobile&quot;:&quot;&quot;,&quot;jet_parallax_layout_animation_prop&quot;:&quot;transform&quot;,&quot;jet_parallax_layout_on&quot;:[&quot;desktop&quot;,&quot;tablet&quot;]}]}\">\n\t\t\t\t\t\t<div class=\"elementor-container elementor-column-gap-default\">\n\t\t\t\t\t<div class=\"elementor-column elementor-col-100 elementor-top-column elementor-element elementor-element-b6b7cd1\" data-id=\"b6b7cd1\" data-element_type=\"column\" data-e-type=\"column\">\n\t\t\t<div class=\"elementor-widget-wrap elementor-element-populated\">\n\t\t\t\t\t\t<div class=\"elementor-element elementor-element-affa29e elementor-widget elementor-widget-text-editor\" data-id=\"affa29e\" data-element_type=\"widget\" data-e-type=\"widget\" data-widget_type=\"text-editor.default\">\n\t\t\t\t<div class=\"elementor-widget-container\">\n\t\t\t\t\t\t\t\t\t<p><strong>KLAUZULA INFORMACYJNA DOTYCZ\u0104CA OCHRONY DANYCH OSOBOWYCH<\/strong><\/p><p><br \/>Poni\u017cej znajd\u0105 Pa\u0144stwo informacje, kt\u00f3re w przejrzysty spos\u00f3b pozwol\u0105 zapozna\u0107 si\u0119 z zasadami ochrony danych osobowych, dotycz\u0105cych naszych obecnych i przysz\u0142ych klient\u00f3w.<span class=\"Apple-converted-space\">\u00a0<\/span><\/p><p>Zgodnie z art. 13 ust. 1 Rozporz\u0105dzenia Parlamentu Europejskiego i Rady (UE) nr 2016\/679 z 27.04.2016 r. (RODO), informujemy Pa\u0144stwa, i\u017c:<\/p><ol><li>Administratorem Pa\u0144stwa danych osobowych jest O\u015brodek Szkole\u0144 Ratownictwa Morskiego MAYDAY G. Szawarski Sp. k., z siedzib\u0105 w Gdyni (81-366), przy ul. Stefana Batorego 28-32.<span class=\"Apple-converted-space\">\u00a0<\/span><\/li><li>Wszelkie pytania dotycz\u0105ce sposobu i zakresu przetwarzania Pa\u0144stwa danych osobowych oraz zakresu przys\u0142uguj\u0105cych Pa\u0144stwu uprawnie\u0144, prosimy kierowa\u0107 na adres:\u00a0<a href=\"mailto:odo@mayday-gdynia.pl\">odo@mayday-gdynia.pl<\/a>.<\/li><li>Pa\u0144stwa dane osobowe przetwarzamy w celu zawarcia i realizacji umowy szkoleniowej, tj. na podstawie art. 6 ust. 1 lit. b Rozporz\u0105dzenia RODO.<\/li><li>Mog\u0105 Pa\u0144stwo zwr\u00f3ci\u0107 si\u0119 do nas z \u017c\u0105daniem dost\u0119pu do swoich danych, ich sprostowania, przeniesienia, usuni\u0119cia, ograniczenia przetwarzania, jak r\u00f3wnie\u017c wnie\u015b\u0107 sprzeciw wobec ich dalszego przetwarzania w ka\u017cdym momencie.<\/li><li>Dane osobowe, kt\u00f3re nam Pa\u0144stwo powierzacie, przechowywane s\u0105 w naszej Bazie Kursant\u00f3w. Jest ona odpowiednio zabezpieczona tak, aby nie dosta\u0142a si\u0119 w niepowo\u0142ane r\u0119ce, ani nie zosta\u0142a utracona. Dane osobowe w niej zawarte b\u0119dziemy przetwarza\u0107 do momentu ustania celu przetwarzania, b\u0105d\u017a do wyra\u017cenia Pa\u0144stwa sprzeciwu wobec dalszego ich przetwarzania.<\/li><li>Odbiorcami Pa\u0144stwa danych osobowych b\u0119d\u0105 jedynie podmioty uprawnione do ich uzyskania w zwi\u0105zku z realizacj\u0105 umowy.<\/li><li>Nie b\u0119dziemy przekazywa\u0107 Pa\u0144stwa danych osobowych do pa\u0144stw trzecich.<\/li><li>Pragniemy tak\u017ce poinformowa\u0107, \u017ce w przypadku przetwarzania Pa\u0144stwa danych osobowych niezgodnie z Rozporz\u0105dzeniem RODO, maj\u0105 Pa\u0144stwo prawo skierowa\u0107 skarg\u0119 do Prezesa Urz\u0119du Ochrony Danych Osobowych), z siedzib\u0105 w Warszawie (00-923) przy ul. Stawki 2.<\/li><li>Podanie danych osobowych jest dobrowolne, jednak\u017ce odmowa ich podania mo\u017ce skutkowa\u0107 odmow\u0105 zawarcia umowy.<\/li><\/ol>\t\t\t\t\t\t\t\t<\/div>\n\t\t\t\t<\/div>\n\t\t\t\t\t<\/div>\n\t\t<\/div>\n\t\t\t\t\t<\/div>\n\t\t<\/section>\n\t\t\t\t<\/div>\n\t\t","protected":false},"excerpt":{"rendered":"<p>RODO KLAUZULA INFORMACYJNA DOTYCZ\u0104CA OCHRONY DANYCH OSOBOWYCH Poni\u017cej znajd\u0105 Pa\u0144stwo informacje, kt\u00f3re w przejrzysty spos\u00f3b pozwol\u0105 zapozna\u0107 si\u0119 z zasadami ochrony danych osobowych, dotycz\u0105cych naszych obecnych i przysz\u0142ych klient\u00f3w.\u00a0 Zgodnie z art. 13 ust. 1 Rozporz\u0105dzenia Parlamentu Europejskiego i Rady (UE) nr 2016\/679 z 27.04.2016 r. (RODO), informujemy Pa\u0144stwa, i\u017c: Administratorem Pa\u0144stwa danych osobowych jest [&hellip;]<\/p>\n","protected":false},"author":1,"featured_media":0,"parent":0,"menu_order":0,"comment_status":"closed","ping_status":"closed","template":"elementor_header_footer","meta":{"ocean_post_layout":"","ocean_both_sidebars_style":"","ocean_both_sidebars_content_width":0,"ocean_both_sidebars_sidebars_width":0,"ocean_sidebar":"","ocean_second_sidebar":"","ocean_disable_margins":"enable","ocean_add_body_class":"","ocean_shortcode_before_top_bar":"","ocean_shortcode_after_top_bar":"","ocean_shortcode_before_header":"","ocean_shortcode_after_header":"","ocean_has_shortcode":"","ocean_shortcode_after_title":"","ocean_shortcode_before_footer_widgets":"","ocean_shortcode_after_footer_widgets":"","ocean_shortcode_before_footer_bottom":"","ocean_shortcode_after_footer_bottom":"","ocean_display_top_bar":"default","ocean_display_header":"default","ocean_header_style":"","ocean_center_header_left_menu":"","ocean_custom_header_template":"","ocean_custom_logo":0,"ocean_custom_retina_logo":0,"ocean_custom_logo_max_width":0,"ocean_custom_logo_tablet_max_width":0,"ocean_custom_logo_mobile_max_width":0,"ocean_custom_logo_max_height":0,"ocean_custom_logo_tablet_max_height":0,"ocean_custom_logo_mobile_max_height":0,"ocean_header_custom_menu":"","ocean_menu_typo_font_family":"","ocean_menu_typo_font_subset":"","ocean_menu_typo_font_size":0,"ocean_menu_typo_font_size_tablet":0,"ocean_menu_typo_font_size_mobile":0,"ocean_menu_typo_font_size_unit":"px","ocean_menu_typo_font_weight":"","ocean_menu_typo_font_weight_tablet":"","ocean_menu_typo_font_weight_mobile":"","ocean_menu_typo_transform":"","ocean_menu_typo_transform_tablet":"","ocean_menu_typo_transform_mobile":"","ocean_menu_typo_line_height":0,"ocean_menu_typo_line_height_tablet":0,"ocean_menu_typo_line_height_mobile":0,"ocean_menu_typo_line_height_unit":"","ocean_menu_typo_spacing":0,"ocean_menu_typo_spacing_tablet":0,"ocean_menu_typo_spacing_mobile":0,"ocean_menu_typo_spacing_unit":"","ocean_menu_link_color":"","ocean_menu_link_color_hover":"","ocean_menu_link_color_active":"","ocean_menu_link_background":"","ocean_menu_link_hover_background":"","ocean_menu_link_active_background":"","ocean_menu_social_links_bg":"","ocean_menu_social_hover_links_bg":"","ocean_menu_social_links_color":"","ocean_menu_social_hover_links_color":"","ocean_disable_title":"default","ocean_disable_heading":"default","ocean_post_title":"","ocean_post_subheading":"","ocean_post_title_style":"","ocean_post_title_background_color":"","ocean_post_title_background":0,"ocean_post_title_bg_image_position":"","ocean_post_title_bg_image_attachment":"","ocean_post_title_bg_image_repeat":"","ocean_post_title_bg_image_size":"","ocean_post_title_height":0,"ocean_post_title_bg_overlay":0.5,"ocean_post_title_bg_overlay_color":"","ocean_disable_breadcrumbs":"default","ocean_breadcrumbs_color":"","ocean_breadcrumbs_separator_color":"","ocean_breadcrumbs_links_color":"","ocean_breadcrumbs_links_hover_color":"","ocean_display_footer_widgets":"default","ocean_display_footer_bottom":"default","ocean_custom_footer_template":"","footnotes":""},"class_list":["post-613","page","type-page","status-publish","hentry","entry","owp-thumbs-layout-horizontal","owp-btn-normal","owp-tabs-layout-horizontal","has-no-thumbnails","has-product-nav"],"_links":{"self":[{"href":"https:\/\/mayday-gdynia.pl\/pl_pl\/wp-json\/wp\/v2\/pages\/613","targetHints":{"allow":["GET"]}}],"collection":[{"href":"https:\/\/mayday-gdynia.pl\/pl_pl\/wp-json\/wp\/v2\/pages"}],"about":[{"href":"https:\/\/mayday-gdynia.pl\/pl_pl\/wp-json\/wp\/v2\/types\/page"}],"author":[{"embeddable":true,"href":"https:\/\/mayday-gdynia.pl\/pl_pl\/wp-json\/wp\/v2\/users\/1"}],"replies":[{"embeddable":true,"href":"https:\/\/mayday-gdynia.pl\/pl_pl\/wp-json\/wp\/v2\/comments?post=613"}],"version-history":[{"count":6,"href":"https:\/\/mayday-gdynia.pl\/pl_pl\/wp-json\/wp\/v2\/pages\/613\/revisions"}],"predecessor-version":[{"id":2296,"href":"https:\/\/mayday-gdynia.pl\/pl_pl\/wp-json\/wp\/v2\/pages\/613\/revisions\/2296"}],"wp:attachment":[{"href":"https:\/\/mayday-gdynia.pl\/pl_pl\/wp-json\/wp\/v2\/media?parent=613"}],"curies":[{"name":"wp","href":"https:\/\/api.w.org\/{rel}","templated":true}]}}