{"id":1106,"date":"2019-07-01T10:58:51","date_gmt":"2019-07-01T08:58:51","guid":{"rendered":"https:\/\/mayday-gdynia.pl\/?page_id=1106"},"modified":"2025-11-26T14:41:57","modified_gmt":"2025-11-26T13:41:57","slug":"polityka-prywatnosci","status":"publish","type":"page","link":"https:\/\/mayday-gdynia.pl\/pl_pl\/polityka-prywatnosci\/","title":{"rendered":"Polityka prywatno\u015bci"},"content":{"rendered":"\t\t<div data-elementor-type=\"wp-post\" data-elementor-id=\"1106\" class=\"elementor elementor-1106\" data-elementor-post-type=\"page\">\n\t\t\t\t\t\t<section data-particle_enable=\"false\" data-particle-mobile-disabled=\"false\" class=\"elementor-section elementor-top-section elementor-element elementor-element-3dd0db5 elementor-section-boxed elementor-section-height-default elementor-section-height-default\" data-id=\"3dd0db5\" data-element_type=\"section\" data-e-type=\"section\" id=\"hero\" data-settings=\"{&quot;background_background&quot;:&quot;classic&quot;,&quot;jet_parallax_layout_list&quot;:[{&quot;jet_parallax_layout_image&quot;:{&quot;url&quot;:&quot;&quot;,&quot;id&quot;:&quot;&quot;,&quot;size&quot;:&quot;&quot;},&quot;_id&quot;:&quot;018883c&quot;,&quot;jet_parallax_layout_speed&quot;:{&quot;unit&quot;:&quot;%&quot;,&quot;size&quot;:50,&quot;sizes&quot;:[]},&quot;jet_parallax_layout_image_tablet&quot;:{&quot;url&quot;:&quot;&quot;,&quot;id&quot;:&quot;&quot;,&quot;size&quot;:&quot;&quot;},&quot;jet_parallax_layout_image_mobile&quot;:{&quot;url&quot;:&quot;&quot;,&quot;id&quot;:&quot;&quot;,&quot;size&quot;:&quot;&quot;},&quot;jet_parallax_layout_type&quot;:&quot;scroll&quot;,&quot;jet_parallax_layout_direction&quot;:&quot;1&quot;,&quot;jet_parallax_layout_fx_direction&quot;:null,&quot;jet_parallax_layout_z_index&quot;:&quot;&quot;,&quot;jet_parallax_layout_bg_x&quot;:50,&quot;jet_parallax_layout_bg_x_tablet&quot;:&quot;&quot;,&quot;jet_parallax_layout_bg_x_mobile&quot;:&quot;&quot;,&quot;jet_parallax_layout_bg_y&quot;:50,&quot;jet_parallax_layout_bg_y_tablet&quot;:&quot;&quot;,&quot;jet_parallax_layout_bg_y_mobile&quot;:&quot;&quot;,&quot;jet_parallax_layout_bg_size&quot;:&quot;auto&quot;,&quot;jet_parallax_layout_bg_size_tablet&quot;:&quot;&quot;,&quot;jet_parallax_layout_bg_size_mobile&quot;:&quot;&quot;,&quot;jet_parallax_layout_animation_prop&quot;:&quot;transform&quot;,&quot;jet_parallax_layout_on&quot;:[&quot;desktop&quot;,&quot;tablet&quot;]}]}\">\n\t\t\t\t\t\t\t<div class=\"elementor-background-overlay\"><\/div>\n\t\t\t\t\t\t\t<div class=\"elementor-container elementor-column-gap-default\">\n\t\t\t\t\t<div class=\"elementor-column elementor-col-100 elementor-top-column elementor-element elementor-element-5b289bf\" data-id=\"5b289bf\" data-element_type=\"column\" data-e-type=\"column\">\n\t\t\t<div class=\"elementor-widget-wrap elementor-element-populated\">\n\t\t\t\t\t\t<div class=\"elementor-element elementor-element-da80117 elementor-widget elementor-widget-heading\" data-id=\"da80117\" data-element_type=\"widget\" data-e-type=\"widget\" data-widget_type=\"heading.default\">\n\t\t\t\t<div class=\"elementor-widget-container\">\n\t\t\t\t\t<h1 class=\"elementor-heading-title elementor-size-default\">Polityka prywatno\u015bci<\/h1>\t\t\t\t<\/div>\n\t\t\t\t<\/div>\n\t\t\t\t\t<\/div>\n\t\t<\/div>\n\t\t\t\t\t<\/div>\n\t\t<\/section>\n\t\t\t\t<section data-particle_enable=\"false\" data-particle-mobile-disabled=\"false\" class=\"elementor-section elementor-top-section elementor-element elementor-element-ec4a8b6 elementor-section-boxed elementor-section-height-default elementor-section-height-default\" data-id=\"ec4a8b6\" data-element_type=\"section\" data-e-type=\"section\" data-settings=\"{&quot;jet_parallax_layout_list&quot;:[{&quot;jet_parallax_layout_image&quot;:{&quot;url&quot;:&quot;&quot;,&quot;id&quot;:&quot;&quot;,&quot;size&quot;:&quot;&quot;},&quot;_id&quot;:&quot;1da8eae&quot;,&quot;jet_parallax_layout_image_tablet&quot;:{&quot;url&quot;:&quot;&quot;,&quot;id&quot;:&quot;&quot;,&quot;size&quot;:&quot;&quot;},&quot;jet_parallax_layout_image_mobile&quot;:{&quot;url&quot;:&quot;&quot;,&quot;id&quot;:&quot;&quot;,&quot;size&quot;:&quot;&quot;},&quot;jet_parallax_layout_speed&quot;:{&quot;unit&quot;:&quot;%&quot;,&quot;size&quot;:50,&quot;sizes&quot;:[]},&quot;jet_parallax_layout_type&quot;:&quot;scroll&quot;,&quot;jet_parallax_layout_direction&quot;:&quot;1&quot;,&quot;jet_parallax_layout_fx_direction&quot;:null,&quot;jet_parallax_layout_z_index&quot;:&quot;&quot;,&quot;jet_parallax_layout_bg_x&quot;:50,&quot;jet_parallax_layout_bg_x_tablet&quot;:&quot;&quot;,&quot;jet_parallax_layout_bg_x_mobile&quot;:&quot;&quot;,&quot;jet_parallax_layout_bg_y&quot;:50,&quot;jet_parallax_layout_bg_y_tablet&quot;:&quot;&quot;,&quot;jet_parallax_layout_bg_y_mobile&quot;:&quot;&quot;,&quot;jet_parallax_layout_bg_size&quot;:&quot;auto&quot;,&quot;jet_parallax_layout_bg_size_tablet&quot;:&quot;&quot;,&quot;jet_parallax_layout_bg_size_mobile&quot;:&quot;&quot;,&quot;jet_parallax_layout_animation_prop&quot;:&quot;transform&quot;,&quot;jet_parallax_layout_on&quot;:[&quot;desktop&quot;,&quot;tablet&quot;]}]}\">\n\t\t\t\t\t\t<div class=\"elementor-container elementor-column-gap-default\">\n\t\t\t\t\t<div class=\"elementor-column elementor-col-100 elementor-top-column elementor-element elementor-element-73cb69e\" data-id=\"73cb69e\" data-element_type=\"column\" data-e-type=\"column\">\n\t\t\t<div class=\"elementor-widget-wrap elementor-element-populated\">\n\t\t\t\t\t\t<div class=\"elementor-element elementor-element-f88d023 elementor-widget elementor-widget-text-editor\" data-id=\"f88d023\" data-element_type=\"widget\" data-e-type=\"widget\" data-widget_type=\"text-editor.default\">\n\t\t\t\t<div class=\"elementor-widget-container\">\n\t\t\t\t\t\t\t\t\t<p>POLITYKA PRYWATNO\u015aCI<span class=\"Apple-converted-space\">\u00a0<\/span><\/p><p>O\u015brodka Szkole\u0144 Ratownictwa Morskiego MAYDAY G. Szawarski Sp. k.<\/p><p><b><br \/>Czym jest RODO?<\/b><\/p><p>RODO (Rozporz\u0105dzenie o Ochronie Danych Osobowych), obowi\u0105zuj\u0105ce w ca\u0142ej Unii Europejskiej od 25 maja 2018 r., oznacza Rozporz\u0105dzenie Parlamentu Europejskiego i Rady (UE) 2016\/679 z dnia 27 kwietnia 2016 r., w sprawie ochrony os\u00f3b fizycznych w zwi\u0105zku z przetwarzaniem danych osobowych i w sprawie swobodnego przep\u0142ywu takich danych oraz uchylenia dyrektywy 95\/46\/WE.<\/p><p>Rozporz\u0105dzenie RODO dotyczy wszystkich danych osobowych b\u0119d\u0105cych w posiadaniu Administratora, tj. w szczeg\u00f3lno\u015bci danych: dostawc\u00f3w us\u0142ug szkoleniowych (wyk\u0142adowc\u00f3w), uczestnik\u00f3w szkole\u0144 (klient\u00f3w), a tak\u017ce pracownik\u00f3w, wsp\u00f3\u0142pracownik\u00f3w, praktykant\u00f3w oraz kandydat\u00f3w do pracy.<\/p><p><b>Kto jest Administratorem danych osobowych?<\/b><\/p><p>Administratorem, czyli podmiotem decyduj\u0105cym o celach i sposobach przetwarzania Pa\u0144stwa danych osobowych jest O\u015brodek Szkole\u0144 Ratownictwa Morskiego MAYDAY G. Szawarski Sp. k., z siedzib\u0105 w Gdyni (81-366), przy ul. Stefana Batorego 28-32.<\/p><p><b>W jaki spos\u00f3b skontaktowa\u0107 si\u0119 z Administratorem, aby uzyska\u0107 wi\u0119cej informacji o przetwarzaniu danych osobowych?<\/b><\/p><p>Administrator ustanowi\u0142 Koordynatora ds. Ochrony Danych Osobowych, z kt\u00f3rym skontaktowa\u0107 si\u0119 mo\u017cna za pomoc\u0105 poczty e-mail: <a href=\"mailto:odo@mayday-gdynia.pl\">odo@mayday-gdynia.pl<\/a>.<span class=\"Apple-converted-space\">\u00a0 <\/span>Mo\u017cna zwr\u00f3ci\u0107 si\u0119 do niego we wszystkich sprawach dotycz\u0105cych ochrony danych osobowych.<\/p><p><b>W jakim celu dane osobowe s\u0105 przetwarzane?<\/b><\/p><p>Dane osobowe s\u0105 przetwarzane przez Administratora w nast\u0119puj\u0105cych celach:<\/p><ul><li>weryfikacji i zatrudnienia pracownika, na podstawie udzielonej przez niego zgody na przetwarzanie danych osobowych (patrz art. 6 ust. 1a rozporz\u0105dzenia RODO),<\/li><li>realizacji postanowie\u0144 umowy o prac\u0119 oraz um\u00f3w cywilno-prawnych (na podstawie art. 6 ust. 1b rozporz\u0105dzenia RODO),<\/li><li>wype\u0142nienia obowi\u0105zku prawnego ci\u0105\u017c\u0105cego na Administratorze, w tym mi\u0119dzy innymi wobec pracownik\u00f3w i wsp\u00f3\u0142pracownik\u00f3w w zwi\u0105zku z p\u0142aceniem ich podatk\u00f3w, odprowadzaniem sk\u0142adek na ubezpieczenie spo\u0142eczne, zdrowotne i inne wymagane przepisami prawa, a tak\u017ce zapewnieniem nieobowi\u0105zkowych (w tym komercyjnych) \u015bwiadcze\u0144 pracowniczych (na podstawie art. 6 ust. 1c rozporz\u0105dzenia RODO),<\/li><li>ujawnienia wizerunku pracownika, na podstawie udzielonej przez niego zgody (patrz art. 6 ust. 1a rozporz\u0105dzenia RODO),<\/li><li>nawi\u0105zania kontaktu z osob\u0105, kt\u00f3ra pozostawi swoje dane osobowe w formularzu kontaktowym na stronie internetowej <a href=\"http:\/\/www.mayday-gdynia.pl\">www.mayday-gdynia.pl<\/a> (na podstawie art. 6 ust. 1f rozporz\u0105dzenia RODO, jako niezb\u0119dne do cel\u00f3w wynikaj\u0105cych z prawnie uzasadnionych interes\u00f3w realizowanych przez Administratora),<\/li><li>podj\u0119cia dzia\u0142a\u0144 zmierzaj\u0105cych do zawarcia umowy szkoleniowej, b\u0105d\u017a w zwi\u0105zku z realizacj\u0105 umowy z klientem, kt\u00f3rych stron\u0105 jest w\u0142a\u015bciciel danych osobowych (na podstawie art. 6 ust. 1b rozporz\u0105dzenia RODO),<\/li><li>podj\u0119cia dzia\u0142a\u0144 zmierzaj\u0105cych do zawarcia umowy, b\u0105d\u017a w zwi\u0105zku z realizacj\u0105 umowy z dostawc\u0105 (us\u0142ugi b\u0105d\u017a produktu\/towaru), w tym m.in. z podwykonawcami (na podstawie art. 6 ust. 1b rozporz\u0105dzenia RODO),<\/li><li>marketingu bezpo\u015bredniego, w tym wysy\u0142ania wiadomo\u015bci mailowych (na podstawie art. 6 ust. 1f rozporz\u0105dzenia RODO, jako prawnie uzasadnionego interesu Administratora),<\/li><li>dochodzenia lub zabezpieczenia ewentualnych roszcze\u0144 (na podstawie art. 6 ust. 1f rozporz\u0105dzenia RODO).<\/li><\/ul><p><b>Przez jaki okres czasu Administrator mo\u017ce przetwarza\u0107 dane osobowe?<\/b><\/p><p>Administrator b\u0119dzie przetwarza\u0107 dane osobowe przez okres:<\/p><ul><li>50-ciu i 10-ciu lat w przypadku um\u00f3w o prac\u0119 w zale\u017cno\u015bci od momentu zatrudnienia,<\/li><li>6-ciu lat w przypadku um\u00f3w cywilno-prawnych, w tym z osobami prowadz\u0105cymi dzia\u0142alno\u015b\u0107 gospodarcz\u0105,<\/li><li>do czasu przedawnienia si\u0119 ewentualnych roszcze\u0144.<\/li><\/ul><p>W innych przypadkach dane osobowe przetwarzane b\u0119d\u0105 do momentu wniesienia sprzeciwu lub odwo\u0142ania wyra\u017conej uprzednio zgody przez ich w\u0142a\u015bciciela.<\/p><p><b>Jakie uprawnienia przys\u0142uguj\u0105 osobie, kt\u00f3rej dane osobowe s\u0105 przetwarzane przez Administratora?<\/b><\/p><p>W zwi\u0105zku z przetwarzaniem danych osobowych, osobie kt\u00f3rej dane s\u0105 przetwarzane przys\u0142uguj\u0105 nast\u0119puj\u0105ce prawa:<\/p><ul><li>dost\u0119pu do tre\u015bci danych oraz ich sprostowania,<\/li><li>\u017c\u0105dania usuni\u0119cia lub ograniczenia przetwarzania,<\/li><li>wniesienia sprzeciwu wobec przetwarzania danych,<\/li><li>przenoszenia danych,<\/li><li>cofni\u0119cia zgody na przetwarzanie w dowolnym momencie,<\/li><li>wniesienia skargi do organu nadzorczego, tj. Urz\u0119du Ochrony Danych Osobowych (<a href=\"https:\/\/uodo.gov.pl\/\" target=\"_blank\" rel=\"noopener\">https:\/\/uodo.gov.pl\/<\/a>), w przypadku uchybie\u0144 Administratora.<\/li><\/ul><p><b>Czy Administrator przetwarza szczeg\u00f3lne kategorie danych osobowych (tzw. dane wra\u017cliwe)?<\/b><\/p><p>Administrator nie przetwarza szczeg\u00f3lnych kategorii danych osobowych, w tym m.in. ujawniaj\u0105cych pochodzenie rasowe lub etniczne, pogl\u0105dy polityczne, przekonania religijne, orientacj\u0119 seksualn\u0105, przynale\u017cno\u015b\u0107 do zwi\u0105zk\u00f3w zawodowych, dane genetyczne czy biometryczne.<\/p><p><b>Czy istnieje obowi\u0105zek podania swoich danych osobowych?<\/b><\/p><p>Podanie danych osobowych nie jest obowi\u0105zkowe. Jest to czynno\u015b\u0107 dobrowolna i nast\u0119puje wy\u0142\u0105cznie za zgod\u0105 w\u0142a\u015bciciela danych, jednak ich niepodanie uniemo\u017cliwi realizacj\u0119 wymienionych powy\u017cej cel\u00f3w, w tym zawarcie i wykonanie umowy szkoleniowej.<\/p><p><b>Komu Administrator mo\u017ce udost\u0119pni\u0107 dane?<\/b><\/p><p>Pa\u0144stwa dane osobowe mog\u0105 zosta\u0107 udost\u0119pnione podmiotom wsp\u00f3\u0142pracuj\u0105cym z Administratorem, w ramach realizacji celu przetwarzania, w tym m.in. Urz\u0119dowi Morskiemu w Gdyni, wyk\u0142adowcom, <br \/>a tak\u017ce zewn\u0119trznemu biuru rachunkowemu, radcy prawnemu i bankom.<\/p><p>Administrator zastrzega sobie prawo do ujawnienia wybranych informacji w\u0142a\u015bciwym organom b\u0105d\u017a osobom trzecim, kt\u00f3re zg\u0142osz\u0105 \u017c\u0105danie udzielenia takich informacji w oparciu o odpowiedni\u0105 podstaw\u0119 prawn\u0105, oraz zgodnie z przepisami obowi\u0105zuj\u0105cego prawa.<\/p><p><b>Czy Administrator przekazuje dane osobowe poza obszar Unii Europejskiej?<\/b><\/p><p>Administrator nie przekazuje przetwarzanych przez siebie danych osobowych poza Polsk\u0119.<span class=\"Apple-converted-space\">\u00a0<\/span><\/p><p><b>Czy Administrator przetwarza dane osobowe w spos\u00f3b zautomatyzowany?<\/b><\/p><p>Administrator nie dokonuje automatycznego przetwarzania danych osobowych (tzw. profilowania), nie monitoruje, ani nie zbiera informacji, poza ciasteczkami, o aktywno\u015bci na stronie internetowej.<\/p><p><b>Informacje dodatkowe<\/b><\/p><p>Administrator zastrzega sobie prawo do dokonywania aktualizacji tre\u015bci niniejszego dokumentu, jak r\u00f3wnie\u017c wprowadzenia nowego dokumentu, w drodze czynno\u015bci jednostronnej.<\/p><p><b>Pliki<\/b> <b>cookies<\/b><\/p><p>Poniewa\u017c ochrona prywatno\u015bci u\u017cytkownik\u00f3w serwisu internetowego www.mayday-gdynia.pl ma dla nas du\u017ce znaczenie, udost\u0119pniamy poni\u017cej dokument polityki \u201ecookies\u201d, wyja\u015bniaj\u0105cy zasady przetwarzania, tj. gromadzenia, a tak\u017ce wykorzystywania informacji o u\u017cytkownikach serwisu.<\/p><p>Pliki cookies (tzw. \u201eciasteczka\u201d) stanowi\u0105 dane informatyczne, w szczeg\u00f3lno\u015bci pliki tekstowe, kt\u00f3re przechowywane s\u0105 w urz\u0105dzeniu ko\u0144cowym (komputerze, laptopie, smartfonie) u\u017cytkownika serwisu internetowego (najcz\u0119\u015bciej przegl\u0105darka internetowa). Nie s\u0142u\u017c\u0105 identyfikacji u\u017cytkownik\u00f3w i na ich podstawie w \u017caden spos\u00f3b nie jest ustalana czyjakolwiek to\u017csamo\u015b\u0107.<\/p><p>Cookies zazwyczaj zawieraj\u0105 nazw\u0119 strony internetowej, z kt\u00f3rej pochodz\u0105, czas przechowywania ich na urz\u0105dzeniu ko\u0144cowym oraz unikalny numer. Serwery przy ka\u017cdej kolejnej wizycie mog\u0105 odczyta\u0107 pliki cookies z tego urz\u0105dzenia ko\u0144cowego.<\/p><p>W naszym serwisie stosowane s\u0105 dwa podstawowe rodzaje plik\u00f3w cookies: \u201esesyjne\u201d, czyli pliki tymczasowe przechowywane w pami\u0119ci przegl\u0105darki do momentu jej zamkni\u0119cia, oraz \u201esta\u0142e\u201d, pozostaj\u0105ce w pami\u0119ci przegl\u0105darki przez d\u0142u\u017cszy czas. U\u0142atwiaj\u0105 one korzystanie z cz\u0119\u015bciej odwiedzanych stron. Czas ich zapami\u0119tania zale\u017cy od ustawie\u0144 Pa\u0144stwa przegl\u0105darki.<\/p><p>Dzi\u0119ki plikom cookies:<\/p><ul><li>dostosowuje si\u0119 zawarto\u015b\u0107 stron internetowych do Pa\u0144stwa preferencji i indywidualnych potrzeb, m.in. tj.: wybrany j\u0119zyk strony, kolor, uk\u0142ad, rozmieszczenie tre\u015bci,<\/li><li>tworzone s\u0105 anonimowe statystyki odwiedzalno\u015bci serwisu, a tak\u017ce sposobu korzystania ze strony internetowej, co umo\u017cliwia ulepszanie jej struktury i zawarto\u015bci.<\/li><\/ul><p>W naszym serwisie stosujemy nast\u0119puj\u0105ce typy plik\u00f3w cookies:<\/p><ul><li>niezb\u0119dne \u2013 pliki umo\u017cliwiaj\u0105ce korzystanie z us\u0142ug dost\u0119pnych w ramach serwisu, bez nich strona nie dzia\u0142a poprawnie,<\/li><li>funkcjonalne \u2013 \u201ezapami\u0119tuj\u0105\u201d wybrane przez U\u017cytkownika ustawienia i personalizacj\u0119 interfejsu, np. w zakresie wybranego j\u0119zyka lub regionu, rozmiaru czcionki, wygl\u0105du strony internetowej itp.,<\/li><li>zapewniaj\u0105ce bezpiecze\u0144stwo \u2013 s\u0142u\u017c\u0105ce np. do wykrywania nadu\u017cy\u0107 w zakresie uwierzytelniania w ramach Serwisu,<\/li><li>wydajno\u015bciowe \u2013 umo\u017cliwiaj\u0105 zbieranie informacji o sposobie korzystania ze stron internetowych serwisu, pomagaj\u0105 naprawia\u0107 zaistnia\u0142e na stronie b\u0142\u0119dy, itp.,<\/li><li>reklamowe \u2013 dostarczaj\u0105 tre\u015bci reklamowe bardziej dostosowane do zainteresowa\u0144 odbiorcy, dzi\u0119ki temu nie jest pokazywana wci\u0105\u017c ta sama reklama.<\/li><\/ul><p>Warto pami\u0119ta\u0107, \u017ce w wielu przypadkach przegl\u0105darka internetowa, lub inne oprogramowanie s\u0142u\u017c\u0105ce do przegl\u0105dania stron internetowych, domy\u015blnie dopuszcza przechowywanie plik\u00f3w cookies. W ka\u017cdym momencie istnieje mo\u017cliwo\u015b\u0107 samodzielnego zarz\u0105dzaniem plikami cookies \u2013 zmieniaj\u0105c ustawienia przegl\u0105darki internetowej. Istnieje mo\u017cliwo\u015b\u0107 np. zarz\u0105dzania plikami cookies na poziomie pojedynczych, wybranych przez u\u017cytkownika witryn. Szczeg\u00f3\u0142owe informacje o mo\u017cliwo\u015bci i sposobach obs\u0142ugi plik\u00f3w cookies dost\u0119pne s\u0105 w ustawieniach oprogramowania (przegl\u0105darki internetowej).<\/p><p>Administrator Serwisu informuje, \u017ce ograniczenia stosowania plik\u00f3w cookies mog\u0105 wp\u0142yn\u0105\u0107 na niekt\u00f3re funkcjonalno\u015bci dost\u0119pne na stronach internetowych Serwisu.<\/p><p>Pliki cookies zamieszczane w urz\u0105dzeniu U\u017cytkownika Serwisu i wykorzystywane mog\u0105 by\u0107 r\u00f3wnie\u017c przez wsp\u00f3\u0142pracuj\u0105cych z operatorem Serwisu reklamodawc\u00f3w oraz partner\u00f3w.<\/p><p>Gdynia, dnia 30 kwietnia 2019 r.<\/p>\t\t\t\t\t\t\t\t<\/div>\n\t\t\t\t<\/div>\n\t\t\t\t\t<\/div>\n\t\t<\/div>\n\t\t\t\t\t<\/div>\n\t\t<\/section>\n\t\t\t\t<\/div>\n\t\t","protected":false},"excerpt":{"rendered":"<p>Polityka prywatno\u015bci POLITYKA PRYWATNO\u015aCI\u00a0 O\u015brodka Szkole\u0144 Ratownictwa Morskiego MAYDAY G. Szawarski Sp. k. Czym jest RODO? RODO (Rozporz\u0105dzenie o Ochronie Danych Osobowych), obowi\u0105zuj\u0105ce w ca\u0142ej Unii Europejskiej od 25 maja 2018 r., oznacza Rozporz\u0105dzenie Parlamentu Europejskiego i Rady (UE) 2016\/679 z dnia 27 kwietnia 2016 r., w sprawie ochrony os\u00f3b fizycznych w zwi\u0105zku z przetwarzaniem [&hellip;]<\/p>\n","protected":false},"author":1,"featured_media":0,"parent":0,"menu_order":0,"comment_status":"closed","ping_status":"closed","template":"elementor_header_footer","meta":{"ocean_post_layout":"","ocean_both_sidebars_style":"","ocean_both_sidebars_content_width":0,"ocean_both_sidebars_sidebars_width":0,"ocean_sidebar":"","ocean_second_sidebar":"","ocean_disable_margins":"enable","ocean_add_body_class":"","ocean_shortcode_before_top_bar":"","ocean_shortcode_after_top_bar":"","ocean_shortcode_before_header":"","ocean_shortcode_after_header":"","ocean_has_shortcode":"","ocean_shortcode_after_title":"","ocean_shortcode_before_footer_widgets":"","ocean_shortcode_after_footer_widgets":"","ocean_shortcode_before_footer_bottom":"","ocean_shortcode_after_footer_bottom":"","ocean_display_top_bar":"default","ocean_display_header":"default","ocean_header_style":"","ocean_center_header_left_menu":"","ocean_custom_header_template":"","ocean_custom_logo":0,"ocean_custom_retina_logo":0,"ocean_custom_logo_max_width":0,"ocean_custom_logo_tablet_max_width":0,"ocean_custom_logo_mobile_max_width":0,"ocean_custom_logo_max_height":0,"ocean_custom_logo_tablet_max_height":0,"ocean_custom_logo_mobile_max_height":0,"ocean_header_custom_menu":"","ocean_menu_typo_font_family":"","ocean_menu_typo_font_subset":"","ocean_menu_typo_font_size":0,"ocean_menu_typo_font_size_tablet":0,"ocean_menu_typo_font_size_mobile":0,"ocean_menu_typo_font_size_unit":"px","ocean_menu_typo_font_weight":"","ocean_menu_typo_font_weight_tablet":"","ocean_menu_typo_font_weight_mobile":"","ocean_menu_typo_transform":"","ocean_menu_typo_transform_tablet":"","ocean_menu_typo_transform_mobile":"","ocean_menu_typo_line_height":0,"ocean_menu_typo_line_height_tablet":0,"ocean_menu_typo_line_height_mobile":0,"ocean_menu_typo_line_height_unit":"","ocean_menu_typo_spacing":0,"ocean_menu_typo_spacing_tablet":0,"ocean_menu_typo_spacing_mobile":0,"ocean_menu_typo_spacing_unit":"","ocean_menu_link_color":"","ocean_menu_link_color_hover":"","ocean_menu_link_color_active":"","ocean_menu_link_background":"","ocean_menu_link_hover_background":"","ocean_menu_link_active_background":"","ocean_menu_social_links_bg":"","ocean_menu_social_hover_links_bg":"","ocean_menu_social_links_color":"","ocean_menu_social_hover_links_color":"","ocean_disable_title":"default","ocean_disable_heading":"default","ocean_post_title":"","ocean_post_subheading":"","ocean_post_title_style":"","ocean_post_title_background_color":"","ocean_post_title_background":0,"ocean_post_title_bg_image_position":"","ocean_post_title_bg_image_attachment":"","ocean_post_title_bg_image_repeat":"","ocean_post_title_bg_image_size":"","ocean_post_title_height":0,"ocean_post_title_bg_overlay":0.5,"ocean_post_title_bg_overlay_color":"","ocean_disable_breadcrumbs":"default","ocean_breadcrumbs_color":"","ocean_breadcrumbs_separator_color":"","ocean_breadcrumbs_links_color":"","ocean_breadcrumbs_links_hover_color":"","ocean_display_footer_widgets":"default","ocean_display_footer_bottom":"default","ocean_custom_footer_template":"","footnotes":""},"class_list":["post-1106","page","type-page","status-publish","hentry","entry","owp-thumbs-layout-horizontal","owp-btn-normal","owp-tabs-layout-horizontal","has-no-thumbnails","has-product-nav"],"_links":{"self":[{"href":"https:\/\/mayday-gdynia.pl\/pl_pl\/wp-json\/wp\/v2\/pages\/1106","targetHints":{"allow":["GET"]}}],"collection":[{"href":"https:\/\/mayday-gdynia.pl\/pl_pl\/wp-json\/wp\/v2\/pages"}],"about":[{"href":"https:\/\/mayday-gdynia.pl\/pl_pl\/wp-json\/wp\/v2\/types\/page"}],"author":[{"embeddable":true,"href":"https:\/\/mayday-gdynia.pl\/pl_pl\/wp-json\/wp\/v2\/users\/1"}],"replies":[{"embeddable":true,"href":"https:\/\/mayday-gdynia.pl\/pl_pl\/wp-json\/wp\/v2\/comments?post=1106"}],"version-history":[{"count":14,"href":"https:\/\/mayday-gdynia.pl\/pl_pl\/wp-json\/wp\/v2\/pages\/1106\/revisions"}],"predecessor-version":[{"id":2290,"href":"https:\/\/mayday-gdynia.pl\/pl_pl\/wp-json\/wp\/v2\/pages\/1106\/revisions\/2290"}],"wp:attachment":[{"href":"https:\/\/mayday-gdynia.pl\/pl_pl\/wp-json\/wp\/v2\/media?parent=1106"}],"curies":[{"name":"wp","href":"https:\/\/api.w.org\/{rel}","templated":true}]}}