{"id":972,"date":"2019-04-10T13:51:36","date_gmt":"2019-04-10T11:51:36","guid":{"rendered":"https:\/\/mayday-gdynia.pl\/?post_type=product&#038;p=972"},"modified":"2026-03-04T23:35:20","modified_gmt":"2026-03-04T22:35:20","slug":"zintegrowany-kurs-bezpieczenstwa-stcw","status":"publish","type":"product","link":"https:\/\/mayday-gdynia.pl\/en\/product\/zintegrowany-kurs-bezpieczenstwa-stcw\/","title":{"rendered":"Integrated Safety Course STCW (Basic Safety Training)"},"content":{"rendered":"<p>A course entitling to issue a sailing book, necessary for the work of a sailor. In fact, these are 4 courses:<\/p>\n<ol>\n<li>Individual Rescue Techniques<\/li>\n<li>Fire protection - basic level<\/li>\n<li>Elementary rules for providing medical assistance<\/li>\n<li>Bezpiecze\u0144stwo W\u0142asne i Odpowiedzialno\u015b\u0107 Wsp\u00f3lna + rozszerzenie o tematyk\u0119 Mobbingu i Molestowania na statku<\/li>\n<\/ol>\n<p>Additionally, to obtain all the necessary permissions to sail at sea, you must also complete the Ship Security (basic level) course and (optional) Crew members with assigned security duties. You can make an additional appointment during the STCW training.<\/p>\n<p>Kurs rozpoczynamy\u00a0<strong>w poniedzia\u0142ek o godzinie 9:00<\/strong> i trwa tydzie\u0144. Dodatkowo w pierwszy dzie\u0144 kursant otrzymuje harmonogram szkolenia.<\/p>\n<p>P\u0142atno\u015b\u0107 za kurs jest na miejscu kart\u0105 b\u0105d\u017a got\u00f3wk\u0105, nie pobieramy zaliczek.<\/p>\n<p>Dodatkowo w pi\u0105tek s\u0105 zaj\u0119cia z rana na <strong>basenie Akademickiego Centrum Sportowego AMW w Gdyni Oksywie, ul. Komandora Jana Grudzi\u0144skiego 1<\/strong>. Dodatkowo tego samego dnia s\u0105 te\u017c zaj\u0119cia na\u00a0<strong>poligonie po\u017carniczym w Gdyni, na ul. W\u0119glowej 11.<\/strong><\/p>\n<p>The program of the course covers the most important aspects of maritime work from the point of view of safety. The course includes both lectures and practical classes at the pool and fire area. The course is carried out in accordance with the model programs of the International Sea Organization, as well as the regulation of the Minister of Infrastructure and Development of February 5, 2014 on framework training programs for members of crews of sea-going ships. After completing all the courses described above, the participant obtains an appropriate certificate issued by the Maritime Office, which is an international confirmation of the completion of the course. On the basis of this certificate, you can apply for a sailing book - a document necessary for professional work on commercial ships. This certificate may also be required by yacht owners, in particular larger ones, as well as by ship owners.<\/p>\n<p><strong>What to bring to the course:<\/strong><br \/>\n1. dow\u00f3d osobisty<br \/>\n2. na basen: <strong>OBOWI\u0104ZKOWO!!! k\u0105piel\u00f3wki typu slipy b\u0105d\u017a przylegaj\u0105ce spodenki k\u0105pielowe<\/strong> (zakaz p\u0142ywania w spodenkach pla\u017cowych\/bermudach\/szortach\/ spodenkach z kieszeniami), <strong>klapki oraz czepek je\u015bli ma si\u0119 d\u0142u\u017csze w\u0142osy<\/strong><br \/>\n3. na poligon: <strong>OBOWI\u0104ZKOWO!!! <\/strong><strong>work suit<\/strong>\u00a0lub co\u015b do przebrania, r\u0119kawice robocze, ewentualnie obuwie zmienne.<\/p>\n<p>Cena kursu obejmuje: przeszkolenie, k\u0105cik kawowo-herbaciany ze s\u0142odkim pocz\u0119stunkiem, jednorazowy kombinezon z r\u0119kawicami na poligon po\u017carniczy, wydanie certyfikatu przez UM.<\/p>\n<p><strong>Zni\u017cka dla pracownik\u00f3w Stena Line, student\u00f3w oraz dla \u017ceglarzy !<br \/>\nOn request, we issue a personal FA or for companies upon prior notification.<\/strong><\/p>","protected":false},"excerpt":{"rendered":"<div>\n<div class=\"\" dir=\"auto\">\n<div id=\"jsc_c_7r\" class=\"ecm0bbzt hv4rvrfc ihqw7lf3 dati1w0a\" data-ad-comet-preview=\"message\" data-ad-preview=\"message\">\n<div class=\"j83agx80 cbu4d94t ew0dbk1b irj2b8pg\">\n<div class=\"qzhwtbm6 knvmm38d\">\n<div class=\"kvgmc6g5 cxmmr5t8 oygrvhab hcukyx3x c1et5uql ii04i59q\">\n<div dir=\"auto\">\n<div>\n<div class=\"\" dir=\"auto\">\n<div id=\"jsc_c_7r\" class=\"ecm0bbzt hv4rvrfc ihqw7lf3 dati1w0a\" data-ad-comet-preview=\"message\" data-ad-preview=\"message\">\n<div class=\"j83agx80 cbu4d94t ew0dbk1b irj2b8pg\">\n<div class=\"qzhwtbm6 knvmm38d\">\n<div class=\"kvgmc6g5 cxmmr5t8 oygrvhab hcukyx3x c1et5uql ii04i59q\"><\/div>\n<\/div>\n<\/div>\n<\/div>\n<\/div>\n<\/div>\n<\/div>\n<\/div>\n<\/div>\n<\/div>\n<\/div>\n<\/div>\n<\/div>\n<p><strong>Duration:<\/strong> tydzie\u0144 (\u0142\u0105cznie z weekendem), <strong>start on Monday<\/strong> at 9:00.<\/p>\n<p><strong>Obowi\u0105zuj\u0105 zapisy mailowe (biuro@mayday-gdynia.pl), telefoniczne b\u0105d\u017a osobi\u015bcie w biurze. <\/strong><strong><br \/>\n<\/strong><\/p>\n<p>&nbsp;<\/p>\n<p><strong>Kurs startuje w styczniu od dnia: <\/strong>19<\/p>\n<p><strong>Kurs startuje w lutym od dnia: <\/strong>02, 16<\/p>\n<p><strong>Kurs startuje w marcu od dnia: <\/strong>02, 16<\/p>\n<p><strong>Kurs startuje w kwietniu od dnia: 13<\/strong><\/p>","protected":false},"featured_media":148,"template":"","meta":{"ocean_post_layout":"","ocean_both_sidebars_style":"","ocean_both_sidebars_content_width":0,"ocean_both_sidebars_sidebars_width":0,"ocean_sidebar":"","ocean_second_sidebar":"","ocean_disable_margins":"enable","ocean_add_body_class":"","ocean_shortcode_before_top_bar":"","ocean_shortcode_after_top_bar":"","ocean_shortcode_before_header":"","ocean_shortcode_after_header":"","ocean_has_shortcode":"","ocean_shortcode_after_title":"","ocean_shortcode_before_footer_widgets":"","ocean_shortcode_after_footer_widgets":"","ocean_shortcode_before_footer_bottom":"","ocean_shortcode_after_footer_bottom":"","ocean_display_top_bar":"default","ocean_display_header":"default","ocean_header_style":"","ocean_center_header_left_menu":"","ocean_custom_header_template":"","ocean_custom_logo":0,"ocean_custom_retina_logo":0,"ocean_custom_logo_max_width":0,"ocean_custom_logo_tablet_max_width":0,"ocean_custom_logo_mobile_max_width":0,"ocean_custom_logo_max_height":0,"ocean_custom_logo_tablet_max_height":0,"ocean_custom_logo_mobile_max_height":0,"ocean_header_custom_menu":"","ocean_menu_typo_font_family":"","ocean_menu_typo_font_subset":"","ocean_menu_typo_font_size":0,"ocean_menu_typo_font_size_tablet":0,"ocean_menu_typo_font_size_mobile":0,"ocean_menu_typo_font_size_unit":"px","ocean_menu_typo_font_weight":"","ocean_menu_typo_font_weight_tablet":"","ocean_menu_typo_font_weight_mobile":"","ocean_menu_typo_transform":"","ocean_menu_typo_transform_tablet":"","ocean_menu_typo_transform_mobile":"","ocean_menu_typo_line_height":0,"ocean_menu_typo_line_height_tablet":0,"ocean_menu_typo_line_height_mobile":0,"ocean_menu_typo_line_height_unit":"","ocean_menu_typo_spacing":0,"ocean_menu_typo_spacing_tablet":0,"ocean_menu_typo_spacing_mobile":0,"ocean_menu_typo_spacing_unit":"","ocean_menu_link_color":"","ocean_menu_link_color_hover":"","ocean_menu_link_color_active":"","ocean_menu_link_background":"","ocean_menu_link_hover_background":"","ocean_menu_link_active_background":"","ocean_menu_social_links_bg":"","ocean_menu_social_hover_links_bg":"","ocean_menu_social_links_color":"","ocean_menu_social_hover_links_color":"","ocean_disable_title":"default","ocean_disable_heading":"default","ocean_post_title":"","ocean_post_subheading":"","ocean_post_title_style":"","ocean_post_title_background_color":"","ocean_post_title_background":0,"ocean_post_title_bg_image_position":"","ocean_post_title_bg_image_attachment":"","ocean_post_title_bg_image_repeat":"","ocean_post_title_bg_image_size":"","ocean_post_title_height":0,"ocean_post_title_bg_overlay":0.5,"ocean_post_title_bg_overlay_color":"","ocean_disable_breadcrumbs":"default","ocean_breadcrumbs_color":"","ocean_breadcrumbs_separator_color":"","ocean_breadcrumbs_links_color":"","ocean_breadcrumbs_links_hover_color":"","ocean_display_footer_widgets":"default","ocean_display_footer_bottom":"default","ocean_custom_footer_template":""},"product_brand":[],"product_cat":[25,26],"product_tag":[],"class_list":{"0":"post-972","1":"product","2":"type-product","3":"status-publish","4":"has-post-thumbnail","6":"product_cat-kurs","7":"product_cat-morski","9":"entry","10":"has-media","12":"first","13":"outofstock","14":"sold-individually","15":"purchasable","16":"product-type-simple","17":"has-product-nav","18":"col","19":"span_1_of_3","20":"owp-content-center","21":"owp-thumbs-layout-horizontal","22":"owp-btn-normal","23":"owp-tabs-layout-horizontal","24":"has-no-thumbnails"},"_links":{"self":[{"href":"https:\/\/mayday-gdynia.pl\/en\/wp-json\/wp\/v2\/product\/972","targetHints":{"allow":["GET"]}}],"collection":[{"href":"https:\/\/mayday-gdynia.pl\/en\/wp-json\/wp\/v2\/product"}],"about":[{"href":"https:\/\/mayday-gdynia.pl\/en\/wp-json\/wp\/v2\/types\/product"}],"wp:featuredmedia":[{"embeddable":true,"href":"https:\/\/mayday-gdynia.pl\/en\/wp-json\/wp\/v2\/media\/148"}],"wp:attachment":[{"href":"https:\/\/mayday-gdynia.pl\/en\/wp-json\/wp\/v2\/media?parent=972"}],"wp:term":[{"taxonomy":"product_brand","embeddable":true,"href":"https:\/\/mayday-gdynia.pl\/en\/wp-json\/wp\/v2\/product_brand?post=972"},{"taxonomy":"product_cat","embeddable":true,"href":"https:\/\/mayday-gdynia.pl\/en\/wp-json\/wp\/v2\/product_cat?post=972"},{"taxonomy":"product_tag","embeddable":true,"href":"https:\/\/mayday-gdynia.pl\/en\/wp-json\/wp\/v2\/product_tag?post=972"}],"curies":[{"name":"wp","href":"https:\/\/api.w.org\/{rel}","templated":true}]}}