{"id":766,"date":"2018-12-10T23:39:26","date_gmt":"2018-12-10T22:39:26","guid":{"rendered":"https:\/\/mayday-gdynia.pl\/?post_type=product&#038;p=766"},"modified":"2026-03-09T11:12:03","modified_gmt":"2026-03-09T10:12:03","slug":"ochrona-przeciwpozarowa-podstawowa-odnowienie","status":"publish","type":"product","link":"https:\/\/mayday-gdynia.pl\/en\/product\/ochrona-przeciwpozarowa-podstawowa-odnowienie\/","title":{"rendered":"Basic fire protection Renewal (basic safety training in fire prevention &amp; fire fighting - refreshment)"},"content":{"rendered":"<p><strong>What to bring to the course:<\/strong><br \/>\n2. ID card<br \/>\n3.certificate (valid or one that expired no later than one year to the date of training)<br \/>\n4. a booklet with at least 6 months of sailing in the last 5 years<br \/>\n5. na poligon: kombinezon roboczy lub co\u015b do przebrania, r\u0119kawice robocze, ewentualnie obuwie zmienne.<\/p>\n<p>Cena kursu obejmuje: przeszkolenie, k\u0105cik kawowo-herbaciany ze s\u0142odkim pocz\u0119stunkiem, wydanie certyfikatu przez UM.<\/p>\n<p><strong>Price:<\/strong> 350 zlotys.<\/p>\n<p><strong>Mo\u017cna zrobi\u0107 z kursem odnowieniowym ITR w jednym terminie 2-dniowym.<\/strong><\/p>\n<p><strong>On request, we issue a personal FA or for companies upon prior notification.<\/strong><\/p>","protected":false},"excerpt":{"rendered":"<p><strong>Duration:<\/strong> 2 days (Thursday-Friday), <strong>wyk\u0142ad w czwartek<\/strong>, <strong>training ground on Friday<\/strong>.<\/p>\n<p><strong>Registration by e-mail (biuro@mayday-gdynia.pl) or in person at the office is required. <\/strong><\/p>\n<p>&nbsp;<\/p>\n<p><strong>Terminy stycze\u0144 2026<\/strong>: 22-23, 05-06<\/p>\n<p><strong>Terminy luty 2026<\/strong>: 20.02, 05-06<\/p>\n<p><strong>Terminy marzec 2026<\/strong>: 06, 19-20<\/p>\n<p><strong>Terminy kwiecie\u0144 2026<\/strong>: 16-17<\/p>\n<p><strong>Terminy maj 2026<\/strong>:<\/p>\n<p><strong>Terminy czerwiec 2026<\/strong>:<\/p>\n<p><strong>Terminy lipiec 2026<\/strong>:<\/p>\n<p><strong>Terminy sierpie\u0144 2026<\/strong>:<\/p>\n<p><strong>Terminy wrzesie\u0144 2026<\/strong>:<\/p>\n<p><strong>Terminy pa\u017adziernik 2026<\/strong>:<\/p>\n<p><strong>Terminy listopad 2026<\/strong>:<\/p>\n<p><strong>Terminy grudzie\u0144 2026<\/strong>:<\/p>","protected":false},"featured_media":603,"template":"","meta":{"ocean_post_layout":"","ocean_both_sidebars_style":"","ocean_both_sidebars_content_width":0,"ocean_both_sidebars_sidebars_width":0,"ocean_sidebar":"","ocean_second_sidebar":"","ocean_disable_margins":"enable","ocean_add_body_class":"","ocean_shortcode_before_top_bar":"","ocean_shortcode_after_top_bar":"","ocean_shortcode_before_header":"","ocean_shortcode_after_header":"","ocean_has_shortcode":"","ocean_shortcode_after_title":"","ocean_shortcode_before_footer_widgets":"","ocean_shortcode_after_footer_widgets":"","ocean_shortcode_before_footer_bottom":"","ocean_shortcode_after_footer_bottom":"","ocean_display_top_bar":"default","ocean_display_header":"default","ocean_header_style":"","ocean_center_header_left_menu":"","ocean_custom_header_template":"","ocean_custom_logo":0,"ocean_custom_retina_logo":0,"ocean_custom_logo_max_width":0,"ocean_custom_logo_tablet_max_width":0,"ocean_custom_logo_mobile_max_width":0,"ocean_custom_logo_max_height":0,"ocean_custom_logo_tablet_max_height":0,"ocean_custom_logo_mobile_max_height":0,"ocean_header_custom_menu":"","ocean_menu_typo_font_family":"","ocean_menu_typo_font_subset":"","ocean_menu_typo_font_size":0,"ocean_menu_typo_font_size_tablet":0,"ocean_menu_typo_font_size_mobile":0,"ocean_menu_typo_font_size_unit":"px","ocean_menu_typo_font_weight":"","ocean_menu_typo_font_weight_tablet":"","ocean_menu_typo_font_weight_mobile":"","ocean_menu_typo_transform":"","ocean_menu_typo_transform_tablet":"","ocean_menu_typo_transform_mobile":"","ocean_menu_typo_line_height":0,"ocean_menu_typo_line_height_tablet":0,"ocean_menu_typo_line_height_mobile":0,"ocean_menu_typo_line_height_unit":"","ocean_menu_typo_spacing":0,"ocean_menu_typo_spacing_tablet":0,"ocean_menu_typo_spacing_mobile":0,"ocean_menu_typo_spacing_unit":"","ocean_menu_link_color":"","ocean_menu_link_color_hover":"","ocean_menu_link_color_active":"","ocean_menu_link_background":"","ocean_menu_link_hover_background":"","ocean_menu_link_active_background":"","ocean_menu_social_links_bg":"","ocean_menu_social_hover_links_bg":"","ocean_menu_social_links_color":"","ocean_menu_social_hover_links_color":"","ocean_disable_title":"default","ocean_disable_heading":"default","ocean_post_title":"","ocean_post_subheading":"","ocean_post_title_style":"","ocean_post_title_background_color":"","ocean_post_title_background":0,"ocean_post_title_bg_image_position":"","ocean_post_title_bg_image_attachment":"","ocean_post_title_bg_image_repeat":"","ocean_post_title_bg_image_size":"","ocean_post_title_height":0,"ocean_post_title_bg_overlay":0.5,"ocean_post_title_bg_overlay_color":"","ocean_disable_breadcrumbs":"default","ocean_breadcrumbs_color":"","ocean_breadcrumbs_separator_color":"","ocean_breadcrumbs_links_color":"","ocean_breadcrumbs_links_hover_color":"","ocean_display_footer_widgets":"default","ocean_display_footer_bottom":"default","ocean_custom_footer_template":""},"product_brand":[],"product_cat":[25,26],"product_tag":[],"class_list":{"0":"post-766","1":"product","2":"type-product","3":"status-publish","4":"has-post-thumbnail","6":"product_cat-kurs","7":"product_cat-morski","9":"entry","10":"has-media","12":"first","13":"outofstock","14":"sold-individually","15":"purchasable","16":"product-type-simple","17":"has-product-nav","18":"col","19":"span_1_of_3","20":"owp-content-center","21":"owp-thumbs-layout-horizontal","22":"owp-btn-normal","23":"owp-tabs-layout-horizontal","24":"has-no-thumbnails"},"_links":{"self":[{"href":"https:\/\/mayday-gdynia.pl\/en\/wp-json\/wp\/v2\/product\/766","targetHints":{"allow":["GET"]}}],"collection":[{"href":"https:\/\/mayday-gdynia.pl\/en\/wp-json\/wp\/v2\/product"}],"about":[{"href":"https:\/\/mayday-gdynia.pl\/en\/wp-json\/wp\/v2\/types\/product"}],"wp:featuredmedia":[{"embeddable":true,"href":"https:\/\/mayday-gdynia.pl\/en\/wp-json\/wp\/v2\/media\/603"}],"wp:attachment":[{"href":"https:\/\/mayday-gdynia.pl\/en\/wp-json\/wp\/v2\/media?parent=766"}],"wp:term":[{"taxonomy":"product_brand","embeddable":true,"href":"https:\/\/mayday-gdynia.pl\/en\/wp-json\/wp\/v2\/product_brand?post=766"},{"taxonomy":"product_cat","embeddable":true,"href":"https:\/\/mayday-gdynia.pl\/en\/wp-json\/wp\/v2\/product_cat?post=766"},{"taxonomy":"product_tag","embeddable":true,"href":"https:\/\/mayday-gdynia.pl\/en\/wp-json\/wp\/v2\/product_tag?post=766"}],"curies":[{"name":"wp","href":"https:\/\/api.w.org\/{rel}","templated":true}]}}