{"id":763,"date":"2018-12-10T23:34:12","date_gmt":"2018-12-10T22:34:12","guid":{"rendered":"https:\/\/mayday-gdynia.pl\/?post_type=product&#038;p=763"},"modified":"2026-04-07T13:47:50","modified_gmt":"2026-04-07T11:47:50","slug":"ochrona-przeciwpozarowy-stopnia-wyzszego-odnowienie","status":"publish","type":"product","link":"https:\/\/mayday-gdynia.pl\/en\/product\/ochrona-przeciwpozarowy-stopnia-wyzszego-odnowienie\/","title":{"rendered":"Fire Protection Level Higher Renewal (training in advanced fire fighting - refreshment)"},"content":{"rendered":"<p><strong>What to bring to the course:<\/strong><br \/>\n1. dow\u00f3d osobisty<br \/>\n2. certyfikat (wa\u017cny b\u0105d\u017a taki kt\u00f3ry utraci\u0142 wa\u017cno\u015b\u0107 nie dalej jak rok do dnia szkolenia)<br \/>\n3. ksi\u0105\u017ceczka (je\u015bli jest zamustrowanie otwarte, to nale\u017cy je zako\u0144czy\u0107, otwartych mustrowa\u0144 UM nie uznaje)<br \/>\n4. na poligon: kombinezon roboczy lub co\u015b do przebrania, r\u0119kawice robocze, obuwie zmienne.<\/p>\n<p>Topics covered during the course:<br \/>\n1. Fire prevention on board ships.<br \/>\n2. Fighting fires.<br \/>\n3. Investigation of the causes of fires and preparation of reports.<br \/>\n4. Field exercises.<\/p>\n<p>Cena kursu obejmuje: przeszkolenie, k\u0105cik kawowo-herbaciany ze s\u0142odkim pocz\u0119stunkiem, wydanie certyfikatu przez UM.<\/p>\n<p><strong>Price:<\/strong> 350 zlotys.<\/p>\n<p><strong>On request, we issue a personal FA or for companies upon prior notification.<\/strong><\/p>","protected":false},"excerpt":{"rendered":"<div class=\"woocommerce-product-details__short-description\">\n<p><strong>Duration:<\/strong> 1 dzie\u0144, czwartek<strong><br \/>\n<\/strong><\/p>\n<p>&nbsp;<\/p>\n<p><strong>Terminy stycze\u0144 2026<\/strong>: 15, 29<\/p>\n<p><strong>Terminy luty 2026<\/strong>: 12, 26<\/p>\n<p><strong>Terminy marzec 2026<\/strong>: 05, 19, 26<\/p>\n<p><strong>Terminy kwiecie\u0144 2026<\/strong>: 09, 23<\/p>\n<p><strong>Terminy maj 2026<\/strong>: 07, 21, 28<\/p>\n<p><strong>Terminy czerwiec 2026<\/strong>:<\/p>\n<p><strong>Terminy lipiec 2026<\/strong>:<\/p>\n<p><strong>Terminy sierpie\u0144 2026<\/strong>:<\/p>\n<p><strong>Terminy wrzesie\u0144 2026<\/strong>:<\/p>\n<p><strong>Terminy pa\u017adziernik 2026<\/strong>:<\/p>\n<p><strong>Terminy listopad 2026<\/strong>:<\/p>\n<p><strong>Terminy grudzie\u0144 2026<\/strong>:<\/p>\n<\/div>","protected":false},"featured_media":35,"template":"","meta":{"ocean_post_layout":"","ocean_both_sidebars_style":"","ocean_both_sidebars_content_width":0,"ocean_both_sidebars_sidebars_width":0,"ocean_sidebar":"","ocean_second_sidebar":"","ocean_disable_margins":"enable","ocean_add_body_class":"","ocean_shortcode_before_top_bar":"","ocean_shortcode_after_top_bar":"","ocean_shortcode_before_header":"","ocean_shortcode_after_header":"","ocean_has_shortcode":"","ocean_shortcode_after_title":"","ocean_shortcode_before_footer_widgets":"","ocean_shortcode_after_footer_widgets":"","ocean_shortcode_before_footer_bottom":"","ocean_shortcode_after_footer_bottom":"","ocean_display_top_bar":"default","ocean_display_header":"default","ocean_header_style":"","ocean_center_header_left_menu":"","ocean_custom_header_template":"","ocean_custom_logo":0,"ocean_custom_retina_logo":0,"ocean_custom_logo_max_width":0,"ocean_custom_logo_tablet_max_width":0,"ocean_custom_logo_mobile_max_width":0,"ocean_custom_logo_max_height":0,"ocean_custom_logo_tablet_max_height":0,"ocean_custom_logo_mobile_max_height":0,"ocean_header_custom_menu":"","ocean_menu_typo_font_family":"","ocean_menu_typo_font_subset":"","ocean_menu_typo_font_size":0,"ocean_menu_typo_font_size_tablet":0,"ocean_menu_typo_font_size_mobile":0,"ocean_menu_typo_font_size_unit":"px","ocean_menu_typo_font_weight":"","ocean_menu_typo_font_weight_tablet":"","ocean_menu_typo_font_weight_mobile":"","ocean_menu_typo_transform":"","ocean_menu_typo_transform_tablet":"","ocean_menu_typo_transform_mobile":"","ocean_menu_typo_line_height":0,"ocean_menu_typo_line_height_tablet":0,"ocean_menu_typo_line_height_mobile":0,"ocean_menu_typo_line_height_unit":"","ocean_menu_typo_spacing":0,"ocean_menu_typo_spacing_tablet":0,"ocean_menu_typo_spacing_mobile":0,"ocean_menu_typo_spacing_unit":"","ocean_menu_link_color":"","ocean_menu_link_color_hover":"","ocean_menu_link_color_active":"","ocean_menu_link_background":"","ocean_menu_link_hover_background":"","ocean_menu_link_active_background":"","ocean_menu_social_links_bg":"","ocean_menu_social_hover_links_bg":"","ocean_menu_social_links_color":"","ocean_menu_social_hover_links_color":"","ocean_disable_title":"default","ocean_disable_heading":"default","ocean_post_title":"","ocean_post_subheading":"","ocean_post_title_style":"","ocean_post_title_background_color":"","ocean_post_title_background":0,"ocean_post_title_bg_image_position":"","ocean_post_title_bg_image_attachment":"","ocean_post_title_bg_image_repeat":"","ocean_post_title_bg_image_size":"","ocean_post_title_height":0,"ocean_post_title_bg_overlay":0.5,"ocean_post_title_bg_overlay_color":"","ocean_disable_breadcrumbs":"default","ocean_breadcrumbs_color":"","ocean_breadcrumbs_separator_color":"","ocean_breadcrumbs_links_color":"","ocean_breadcrumbs_links_hover_color":"","ocean_display_footer_widgets":"default","ocean_display_footer_bottom":"default","ocean_custom_footer_template":""},"product_brand":[],"product_cat":[25,26],"product_tag":[],"class_list":{"0":"post-763","1":"product","2":"type-product","3":"status-publish","4":"has-post-thumbnail","6":"product_cat-kurs","7":"product_cat-morski","9":"entry","10":"has-media","12":"first","13":"outofstock","14":"taxable","15":"shipping-taxable","16":"purchasable","17":"product-type-simple","18":"has-product-nav","19":"col","20":"span_1_of_3","21":"owp-content-center","22":"owp-thumbs-layout-horizontal","23":"owp-btn-normal","24":"owp-tabs-layout-horizontal","25":"has-no-thumbnails"},"_links":{"self":[{"href":"https:\/\/mayday-gdynia.pl\/en\/wp-json\/wp\/v2\/product\/763","targetHints":{"allow":["GET"]}}],"collection":[{"href":"https:\/\/mayday-gdynia.pl\/en\/wp-json\/wp\/v2\/product"}],"about":[{"href":"https:\/\/mayday-gdynia.pl\/en\/wp-json\/wp\/v2\/types\/product"}],"wp:featuredmedia":[{"embeddable":true,"href":"https:\/\/mayday-gdynia.pl\/en\/wp-json\/wp\/v2\/media\/35"}],"wp:attachment":[{"href":"https:\/\/mayday-gdynia.pl\/en\/wp-json\/wp\/v2\/media?parent=763"}],"wp:term":[{"taxonomy":"product_brand","embeddable":true,"href":"https:\/\/mayday-gdynia.pl\/en\/wp-json\/wp\/v2\/product_brand?post=763"},{"taxonomy":"product_cat","embeddable":true,"href":"https:\/\/mayday-gdynia.pl\/en\/wp-json\/wp\/v2\/product_cat?post=763"},{"taxonomy":"product_tag","embeddable":true,"href":"https:\/\/mayday-gdynia.pl\/en\/wp-json\/wp\/v2\/product_tag?post=763"}],"curies":[{"name":"wp","href":"https:\/\/api.w.org\/{rel}","templated":true}]}}