{"id":369,"date":"2018-11-07T10:58:12","date_gmt":"2018-11-07T09:58:12","guid":{"rendered":"https:\/\/mayday-gdynia.pl\/?post_type=product&#038;p=369"},"modified":"2026-04-08T09:27:16","modified_gmt":"2026-04-08T07:27:16","slug":"ratownik-morski","status":"publish","type":"product","link":"https:\/\/mayday-gdynia.pl\/en\/product\/ratownik-morski\/","title":{"rendered":"Lifeguard"},"content":{"rendered":"<div class=\"wpb_text_column wpb_content_element\">\n<div class=\"wpb_wrapper\">\n<p><b>Syllabus:<\/b> Knowledge about the construction, service and equipment of a fast rescue boat, devices for lowering fast rescue boats, methods of putting overturned fast rescue boats, rules of maneuvering a fast rescue boat in unfavorable weather conditions, methods of preparing a fast rescue boat for immediate use, principles of cooperation with a helicopter. Knowledge of construction, maintenance, repair and equipment of fast rescue boats, management of equipment and means for lowering and lifting fast rescue boats, managing the lifting and lowering of the commonly used fast rescue boat, steering the fast rescue boat after leaving it, operating the fast rescue boat engine.<\/p>\n<p>Cena kursu obejmuje: przeszkolenie, k\u0105cik kawowo-herbaciany ze s\u0142odkim pocz\u0119stunkiem, wydanie certyfikatu przez UM.<\/p>\n<\/div>\n<\/div>\n<div id=\"mec_skin_2263\" class=\"mec-wrap mec-skin-list-container\">\n<div id=\"mec_skin_events_2263\" class=\"mec-skin-list-events-container\"><strong>Duration of the course: <\/strong>3 dni, (je\u015bli na tydzie\u0144 przed szkoleniem nie uzbiera si\u0119 grupa termin odwo\u0142ujemy)<\/div>\n<\/div>\n<div><\/div>\n<div>\n<p>&nbsp;<\/p>\n<p><strong>Termin stycze\u0144 2026<\/strong>: od 30<\/p>\n<p><strong>Termin luty 2026<\/strong>: od 27\u00a0<strong>(kurs odwo\u0142any, nie zebra\u0142a si\u0119 grupa)<\/strong><\/p>\n<p><strong>Termin marzec 2026<\/strong>: od 20\u00a0<strong>(kurs odwo\u0142any, nie zebra\u0142a si\u0119 grupa)<\/strong><\/p>\n<p><strong>Termin kwiecie\u0144 2026<\/strong>: od 8<\/p>\n<p><strong>Terminy na maj 2026: <\/strong><\/p>\n<p><strong>Terminy na czerwiec 2026: <\/strong><\/p>\n<p><strong>Terminy na lipiec 2026: <\/strong><\/p>\n<p><strong>Terminy na sierpie\u0144 2026: <\/strong><\/p>\n<p><strong>Terminy na wrzesie\u0144 2026: <\/strong><\/p>\n<p><strong>Terminy na pa\u017adziernik 2026: <\/strong><\/p>\n<p><strong>Terminy na listopad 2026: <\/strong><\/p>\n<p><strong>Terminy na grudzie\u0144 2026: <\/strong><\/p>\n<\/div>","protected":false},"excerpt":{"rendered":"<p>Knowledge about the construction, service and equipment of a fast rescue boat, devices for lowering fast rescue boats, methods of putting overturned fast rescue boats, rules of maneuvering a fast rescue boat in unfavorable weather conditions, methods of preparing a fast rescue boat for immediate use, principles of cooperation with a helicopter.<\/p>","protected":false},"featured_media":153,"template":"","meta":{"ocean_post_layout":"","ocean_both_sidebars_style":"","ocean_both_sidebars_content_width":0,"ocean_both_sidebars_sidebars_width":0,"ocean_sidebar":"0","ocean_second_sidebar":"0","ocean_disable_margins":"enable","ocean_add_body_class":"","ocean_shortcode_before_top_bar":"","ocean_shortcode_after_top_bar":"","ocean_shortcode_before_header":"","ocean_shortcode_after_header":"","ocean_has_shortcode":"","ocean_shortcode_after_title":"","ocean_shortcode_before_footer_widgets":"","ocean_shortcode_after_footer_widgets":"","ocean_shortcode_before_footer_bottom":"","ocean_shortcode_after_footer_bottom":"","ocean_display_top_bar":"default","ocean_display_header":"default","ocean_header_style":"","ocean_center_header_left_menu":"0","ocean_custom_header_template":"0","ocean_custom_logo":0,"ocean_custom_retina_logo":0,"ocean_custom_logo_max_width":0,"ocean_custom_logo_tablet_max_width":0,"ocean_custom_logo_mobile_max_width":0,"ocean_custom_logo_max_height":0,"ocean_custom_logo_tablet_max_height":0,"ocean_custom_logo_mobile_max_height":0,"ocean_header_custom_menu":"0","ocean_menu_typo_font_family":"0","ocean_menu_typo_font_subset":"","ocean_menu_typo_font_size":0,"ocean_menu_typo_font_size_tablet":0,"ocean_menu_typo_font_size_mobile":0,"ocean_menu_typo_font_size_unit":"px","ocean_menu_typo_font_weight":"","ocean_menu_typo_font_weight_tablet":"","ocean_menu_typo_font_weight_mobile":"","ocean_menu_typo_transform":"","ocean_menu_typo_transform_tablet":"","ocean_menu_typo_transform_mobile":"","ocean_menu_typo_line_height":0,"ocean_menu_typo_line_height_tablet":0,"ocean_menu_typo_line_height_mobile":0,"ocean_menu_typo_line_height_unit":"","ocean_menu_typo_spacing":0,"ocean_menu_typo_spacing_tablet":0,"ocean_menu_typo_spacing_mobile":0,"ocean_menu_typo_spacing_unit":"","ocean_menu_link_color":"","ocean_menu_link_color_hover":"","ocean_menu_link_color_active":"","ocean_menu_link_background":"","ocean_menu_link_hover_background":"","ocean_menu_link_active_background":"","ocean_menu_social_links_bg":"","ocean_menu_social_hover_links_bg":"","ocean_menu_social_links_color":"","ocean_menu_social_hover_links_color":"","ocean_disable_title":"default","ocean_disable_heading":"default","ocean_post_title":"","ocean_post_subheading":"","ocean_post_title_style":"","ocean_post_title_background_color":"","ocean_post_title_background":0,"ocean_post_title_bg_image_position":"","ocean_post_title_bg_image_attachment":"","ocean_post_title_bg_image_repeat":"","ocean_post_title_bg_image_size":"","ocean_post_title_height":0,"ocean_post_title_bg_overlay":0.5,"ocean_post_title_bg_overlay_color":"","ocean_disable_breadcrumbs":"default","ocean_breadcrumbs_color":"","ocean_breadcrumbs_separator_color":"","ocean_breadcrumbs_links_color":"","ocean_breadcrumbs_links_hover_color":"","ocean_display_footer_widgets":"default","ocean_display_footer_bottom":"default","ocean_custom_footer_template":"0"},"product_brand":[],"product_cat":[25,26],"product_tag":[],"class_list":{"0":"post-369","1":"product","2":"type-product","3":"status-publish","4":"has-post-thumbnail","6":"product_cat-kurs","7":"product_cat-morski","9":"entry","10":"has-media","12":"first","13":"outofstock","14":"sold-individually","15":"purchasable","16":"product-type-simple","17":"has-product-nav","18":"col","19":"span_1_of_3","20":"owp-content-center","21":"owp-thumbs-layout-horizontal","22":"owp-btn-normal","23":"owp-tabs-layout-horizontal","24":"has-no-thumbnails"},"_links":{"self":[{"href":"https:\/\/mayday-gdynia.pl\/en\/wp-json\/wp\/v2\/product\/369","targetHints":{"allow":["GET"]}}],"collection":[{"href":"https:\/\/mayday-gdynia.pl\/en\/wp-json\/wp\/v2\/product"}],"about":[{"href":"https:\/\/mayday-gdynia.pl\/en\/wp-json\/wp\/v2\/types\/product"}],"wp:featuredmedia":[{"embeddable":true,"href":"https:\/\/mayday-gdynia.pl\/en\/wp-json\/wp\/v2\/media\/153"}],"wp:attachment":[{"href":"https:\/\/mayday-gdynia.pl\/en\/wp-json\/wp\/v2\/media?parent=369"}],"wp:term":[{"taxonomy":"product_brand","embeddable":true,"href":"https:\/\/mayday-gdynia.pl\/en\/wp-json\/wp\/v2\/product_brand?post=369"},{"taxonomy":"product_cat","embeddable":true,"href":"https:\/\/mayday-gdynia.pl\/en\/wp-json\/wp\/v2\/product_cat?post=369"},{"taxonomy":"product_tag","embeddable":true,"href":"https:\/\/mayday-gdynia.pl\/en\/wp-json\/wp\/v2\/product_tag?post=369"}],"curies":[{"name":"wp","href":"https:\/\/api.w.org\/{rel}","templated":true}]}}