{"id":2401,"date":"2026-02-18T11:25:19","date_gmt":"2026-02-18T10:25:19","guid":{"rendered":"https:\/\/mayday-gdynia.pl\/?post_type=product&#038;p=2401"},"modified":"2026-03-09T10:55:07","modified_gmt":"2026-03-09T09:55:07","slug":"zintegrowany-kurs-bezpieczenstwa-stcw-basic-safety-training-odnowienie","status":"publish","type":"product","link":"https:\/\/mayday-gdynia.pl\/en\/product\/zintegrowany-kurs-bezpieczenstwa-stcw-basic-safety-training-odnowienie\/","title":{"rendered":"Zintegrowany Kurs Bezpiecze\u0144stwa STCW (Basic Safety Training) Odnowienie"},"content":{"rendered":"<p><strong>What to bring to the course:<\/strong><br \/>\n1. dow\u00f3d osobisty<br \/>\n2. certyfikat (wa\u017cny b\u0105d\u017a taki kt\u00f3ry utraci\u0142 wa\u017cno\u015b\u0107 nie dalej jak rok do dnia szkolenia)<br \/>\n3. ksi\u0105\u017ceczk\u0119 z co najmniej 6 miesi\u0105cami wyp\u0142ywania w ci\u0105gu ostatnich 5 lat<br \/>\n4. na basen: <strong>MANDATORY !!! flip-flops, a cap and swimming trunks such as briefs or adjacent bathing shorts<\/strong> (swimming in beach shorts \/ Bermuda shorts \/ shorts \/ shorts with pockets)<br \/>\n5. na poligon: kombinezon roboczy lub co\u015b do przebrania, r\u0119kawice robocze, ewentualnie obuwie zmienne.<\/p>\n<p>&nbsp;<\/p>\n<p><strong>Price:<\/strong> 970 z\u0142otych.<\/p>\n<p>Cena kursu obejmuje: przeszkolenie, k\u0105cik kawowo-herbaciany ze s\u0142odkim pocz\u0119stunkiem, wydanie certyfikatu przez UM.<\/p>\n<p><strong>\u00a0<\/strong><\/p>\n<p><strong>On request, we issue a personal FA or for companies upon prior notification.<\/strong><\/p>","protected":false},"excerpt":{"rendered":"<p><strong>Duration:<\/strong> 3 dni (czwartek-sobota):<br \/>\n&#8211; <strong>w czwartek wyk\u0142ad ITR i PPO\u017b<br \/>\n&#8211; <\/strong><strong>w pi\u0105tek basen i poligon po\u017carniczy<br \/>\n&#8211; w sobot\u0119 od 12:00 uzupe\u0142nienie kursu Bezpiecze\u0144stwa W\u0142asnego i Odpowiedzialno\u015bci Wsp\u00f3lnej o mobbing i molestowanie na morzu<\/strong>.<\/p>\n<p><strong>Registration is required by e-mail (biuro@mayday-gdynia.pl) or in person at the office until the day before the course. <\/strong><\/p>\n<p>&nbsp;<\/p>\n<p><strong>Terminy stycze\u0144 2026<\/strong>: 22-24<\/p>\n<p><strong>Terminy luty 2026<\/strong>: 05-07, 19-21<\/p>\n<p><strong>Terminy marzec 2026<\/strong>: 05-07, 19-21<\/p>\n<p><strong>Terminy kwiecie\u0144 2026<\/strong>: 16-18<\/p>\n<p><strong>Terminy maj 2026<\/strong>:<\/p>\n<p><strong>Terminy czerwiec 2026<\/strong>:<\/p>\n<p><strong>Terminy lipiec 2026<\/strong>:<\/p>\n<p><strong>Terminy sierpie\u0144 2026<\/strong>:<\/p>\n<p><strong>Terminy wrzesie\u0144 2026<\/strong>:<\/p>\n<p><strong>Terminy pa\u017adziernik 2026<\/strong>:<\/p>\n<p><strong>Terminy listopad 2026<\/strong>:<\/p>\n<p><strong>Terminy grudzie\u0144 2026<\/strong>:<\/p>","protected":false},"featured_media":148,"template":"","meta":{"ocean_post_layout":"","ocean_both_sidebars_style":"","ocean_both_sidebars_content_width":0,"ocean_both_sidebars_sidebars_width":0,"ocean_sidebar":"0","ocean_second_sidebar":"0","ocean_disable_margins":"enable","ocean_add_body_class":"","ocean_shortcode_before_top_bar":"","ocean_shortcode_after_top_bar":"","ocean_shortcode_before_header":"","ocean_shortcode_after_header":"","ocean_has_shortcode":"","ocean_shortcode_after_title":"","ocean_shortcode_before_footer_widgets":"","ocean_shortcode_after_footer_widgets":"","ocean_shortcode_before_footer_bottom":"","ocean_shortcode_after_footer_bottom":"","ocean_display_top_bar":"default","ocean_display_header":"default","ocean_header_style":"","ocean_center_header_left_menu":"0","ocean_custom_header_template":"0","ocean_custom_logo":0,"ocean_custom_retina_logo":0,"ocean_custom_logo_max_width":0,"ocean_custom_logo_tablet_max_width":0,"ocean_custom_logo_mobile_max_width":0,"ocean_custom_logo_max_height":0,"ocean_custom_logo_tablet_max_height":0,"ocean_custom_logo_mobile_max_height":0,"ocean_header_custom_menu":"0","ocean_menu_typo_font_family":"0","ocean_menu_typo_font_subset":"","ocean_menu_typo_font_size":0,"ocean_menu_typo_font_size_tablet":0,"ocean_menu_typo_font_size_mobile":0,"ocean_menu_typo_font_size_unit":"px","ocean_menu_typo_font_weight":"","ocean_menu_typo_font_weight_tablet":"","ocean_menu_typo_font_weight_mobile":"","ocean_menu_typo_transform":"","ocean_menu_typo_transform_tablet":"","ocean_menu_typo_transform_mobile":"","ocean_menu_typo_line_height":0,"ocean_menu_typo_line_height_tablet":0,"ocean_menu_typo_line_height_mobile":0,"ocean_menu_typo_line_height_unit":"","ocean_menu_typo_spacing":0,"ocean_menu_typo_spacing_tablet":0,"ocean_menu_typo_spacing_mobile":0,"ocean_menu_typo_spacing_unit":"","ocean_menu_link_color":"","ocean_menu_link_color_hover":"","ocean_menu_link_color_active":"","ocean_menu_link_background":"","ocean_menu_link_hover_background":"","ocean_menu_link_active_background":"","ocean_menu_social_links_bg":"","ocean_menu_social_hover_links_bg":"","ocean_menu_social_links_color":"","ocean_menu_social_hover_links_color":"","ocean_disable_title":"default","ocean_disable_heading":"default","ocean_post_title":"","ocean_post_subheading":"","ocean_post_title_style":"","ocean_post_title_background_color":"","ocean_post_title_background":0,"ocean_post_title_bg_image_position":"","ocean_post_title_bg_image_attachment":"","ocean_post_title_bg_image_repeat":"","ocean_post_title_bg_image_size":"","ocean_post_title_height":0,"ocean_post_title_bg_overlay":0.5,"ocean_post_title_bg_overlay_color":"","ocean_disable_breadcrumbs":"default","ocean_breadcrumbs_color":"","ocean_breadcrumbs_separator_color":"","ocean_breadcrumbs_links_color":"","ocean_breadcrumbs_links_hover_color":"","ocean_display_footer_widgets":"default","ocean_display_footer_bottom":"default","ocean_custom_footer_template":"0"},"product_brand":[],"product_cat":[24],"product_tag":[],"class_list":{"0":"post-2401","1":"product","2":"type-product","3":"status-publish","4":"has-post-thumbnail","6":"product_cat-bez-kategorii","8":"entry","9":"has-media","11":"first","12":"outofstock","13":"taxable","14":"shipping-taxable","15":"purchasable","16":"product-type-simple","17":"has-product-nav","18":"col","19":"span_1_of_3","20":"owp-content-center","21":"owp-thumbs-layout-horizontal","22":"owp-btn-normal","23":"owp-tabs-layout-horizontal","24":"has-no-thumbnails"},"_links":{"self":[{"href":"https:\/\/mayday-gdynia.pl\/en\/wp-json\/wp\/v2\/product\/2401","targetHints":{"allow":["GET"]}}],"collection":[{"href":"https:\/\/mayday-gdynia.pl\/en\/wp-json\/wp\/v2\/product"}],"about":[{"href":"https:\/\/mayday-gdynia.pl\/en\/wp-json\/wp\/v2\/types\/product"}],"wp:featuredmedia":[{"embeddable":true,"href":"https:\/\/mayday-gdynia.pl\/en\/wp-json\/wp\/v2\/media\/148"}],"wp:attachment":[{"href":"https:\/\/mayday-gdynia.pl\/en\/wp-json\/wp\/v2\/media?parent=2401"}],"wp:term":[{"taxonomy":"product_brand","embeddable":true,"href":"https:\/\/mayday-gdynia.pl\/en\/wp-json\/wp\/v2\/product_brand?post=2401"},{"taxonomy":"product_cat","embeddable":true,"href":"https:\/\/mayday-gdynia.pl\/en\/wp-json\/wp\/v2\/product_cat?post=2401"},{"taxonomy":"product_tag","embeddable":true,"href":"https:\/\/mayday-gdynia.pl\/en\/wp-json\/wp\/v2\/product_tag?post=2401"}],"curies":[{"name":"wp","href":"https:\/\/api.w.org\/{rel}","templated":true}]}}