{"id":2007,"date":"2025-11-24T14:58:37","date_gmt":"2025-11-24T13:58:37","guid":{"rendered":"https:\/\/mayday-gdynia.pl\/?post_type=product&#038;p=2007"},"modified":"2026-03-09T10:56:59","modified_gmt":"2026-03-09T09:56:59","slug":"molestowanie-i-mobbing","status":"publish","type":"product","link":"https:\/\/mayday-gdynia.pl\/en\/product\/molestowanie-i-mobbing\/","title":{"rendered":"Molestowanie i mobbing"},"content":{"rendered":"<p>Zaj\u0119cia b\u0119d\u0105 prowadzone przez Psycholog Kliniczn\u0105 z wieloletnim do\u015bwiadczeniem, kt\u00f3ra wsp\u00f3\u0142pracuje z Naszym O\u015brodkiem od 10 lat.<\/p>\n<p>&nbsp;<\/p>\n<p>Tematy poruszane podczas szkolenia:<\/p>\n<ol>\n<li>wprowadzenie przypominaj\u0105ce zakres i tematyk\u0119 przeszkolenia w zakresie bezpiecze\u0144stwa w\u0142asnego i odpowiedzialno\u015bci wsp\u00f3lnej,<\/li>\n<li>problemy i mechanizmy przemocy i molestowania podczas pracy na statku i jego skutki,<\/li>\n<li>polityk\u0119 zapobiegania przemocy i molestowania podczas pracy na statku,<\/li>\n<li>zasady reagowania na przypadki przemocy i molestowania.<\/li>\n<\/ol>\n<p>&nbsp;<\/p>\n<p>Po uko\u0144czeniu przeszkolenia uzupe\u0142niaj\u0105cego MJE b\u0119d\u0105 wydawa\u0142y marynarzom indywidualne za\u015bwiadczenia o ko\u0144czeniu przeszkolenia wg. wzoru za\u0142\u0105czonego do niniejszej informacji.<\/p>\n<p>&nbsp;<\/p>\n<p>Za\u015bwiadczenie o uko\u0144czeniu uzupe\u0142niaj\u0105cego przeszkolenia wystawione przez MJE razem z dotychczasowym \u015bwiadectwem przeszkolenia w zakresie bezpiecze\u0144stwa w\u0142asnego i odpowiedzialno\u015bci wsp\u00f3lnej (dotyczy to tak\u017ce \u015bwiadectwa przeszkolenia w zakresie bezpiecze\u0144stwa) wydanym przed 1 stycznia 2026 r. potwierdzaj\u0105 odbycie szkolenia w zakresie bezpiecze\u0144stwa w\u0142asnego i odpowiedzialno\u015bci wsp\u00f3lnej zgodnie z rezolucj\u0105 MSC.560(108).<\/p>\n<p>&nbsp;<\/p>\n<p>Wszystkie dotychczasowe \u015bwiadectwa w zakresie bezpiecze\u0144stwa w\u0142asnego i odpowiedzialno\u015bci wsp\u00f3lnej (dotyczy to tak\u017ce \u015bwiadectw przeszkolenia w zakresie bezpiecze\u0144stwa) wydane przed 1 stycznia 2026 r. zachowuj\u0105 wa\u017cno\u015b\u0107 do czasu ich wymiany na nowe lub ich odnowienia. Marynarze b\u0119d\u0105 mieli 5 lat na wymian\u0119 dotychczasowych \u015bwiadectw w zakresie bezpiecze\u0144stwa w\u0142asnego i odpowiedzialno\u015bci wsp\u00f3lnej na nowe (nie dotyczy to \u015bwiadectw przeszkolenia w zakresie bezpiecze\u0144stwa, kt\u00f3re b\u0119d\u0105 \u00a0odnawiane po up\u0142ywie ich terminu ich wa\u017cno\u015bci lub na wniosek marynarza b\u0119d\u0105 wymieniane na nowe).<\/p>\n<p>&nbsp;<\/p>\n<p>W celu zapisania si\u0119 na szkolenia kursanci b\u0119d\u0105 mieli mo\u017cliwo\u015bci, jak przy innych szkolenia, tj. telefonicznie, mailowo, SMS-em, b\u0105d\u017a zg\u0142oszeniami przez firm\u0119.<\/p>\n<p>&nbsp;<\/p>\n<p>&nbsp;<\/p>\n<p><strong>What to bring to the course:<\/strong><\/p>\n<p>1. dow\u00f3d osobisty<\/p>\n<p>2. certyfikat BEZPIECZE\u0143STWO W\u0141ASNE I ODPOWIEDZIALNO\u015a\u0106 WSP\u00d3LNA<\/p>\n<p>&nbsp;<\/p>\n<p><strong>Price:<\/strong> 220 z\u0142otych.<\/p>\n<p>Cena kursu obejmuje: przeszkolenie, k\u0105cik kawowo-herbaciany ze s\u0142odkim pocz\u0119stunkiem.<\/p>\n<p><strong>\u00a0<\/strong><\/p>\n<p><strong>On request, we issue a personal FA or for companies upon prior notification.<\/strong><\/p>\n<p>&nbsp;<\/p>","protected":false},"excerpt":{"rendered":"<p><strong>Terminy stycze\u0144 2026<\/strong>: 10, 13, 24, 27<\/p>\n<p><strong>Terminy luty 2026<\/strong>: 07 <strong>(brak miejsc wolnych)<\/strong>, 10, 21, 24<\/p>\n<p><strong>Terminy marzec 2026<\/strong>: 07, 10, 21, 24<\/p>\n<p><strong>Terminy kwiecie\u0144 2026<\/strong>: 07, 18, 21<\/p>\n<p><strong>Terminy maj 2026<\/strong>: 09, 12, 23, 26<\/p>\n<p><strong>Terminy czerwiec 2026<\/strong>: 13, 16, 27, 30<\/p>\n<p><strong>Terminy lipiec 2026<\/strong>: 11, 14, 25, 28<\/p>\n<p><strong>Terminy sierpie\u0144 2026<\/strong>: 08, 11, 22, 25<\/p>\n<p><strong>Terminy wrzesie\u0144 2026<\/strong>:<\/p>\n<p><strong>Terminy pa\u017adziernik 2026<\/strong>:<\/p>\n<p><strong>Terminy listopad 2026<\/strong>:<\/p>\n<p><strong>Terminy grudzie\u0144 2026<\/strong>:<\/p>\n<p>&nbsp;<\/p>\n<p>Start godzina 12:00<\/p>","protected":false},"featured_media":2018,"template":"","meta":{"ocean_post_layout":"","ocean_both_sidebars_style":"","ocean_both_sidebars_content_width":0,"ocean_both_sidebars_sidebars_width":0,"ocean_sidebar":"0","ocean_second_sidebar":"0","ocean_disable_margins":"enable","ocean_add_body_class":"","ocean_shortcode_before_top_bar":"","ocean_shortcode_after_top_bar":"","ocean_shortcode_before_header":"","ocean_shortcode_after_header":"","ocean_has_shortcode":"","ocean_shortcode_after_title":"","ocean_shortcode_before_footer_widgets":"","ocean_shortcode_after_footer_widgets":"","ocean_shortcode_before_footer_bottom":"","ocean_shortcode_after_footer_bottom":"","ocean_display_top_bar":"default","ocean_display_header":"default","ocean_header_style":"","ocean_center_header_left_menu":"0","ocean_custom_header_template":"0","ocean_custom_logo":0,"ocean_custom_retina_logo":0,"ocean_custom_logo_max_width":0,"ocean_custom_logo_tablet_max_width":0,"ocean_custom_logo_mobile_max_width":0,"ocean_custom_logo_max_height":0,"ocean_custom_logo_tablet_max_height":0,"ocean_custom_logo_mobile_max_height":0,"ocean_header_custom_menu":"0","ocean_menu_typo_font_family":"0","ocean_menu_typo_font_subset":"","ocean_menu_typo_font_size":0,"ocean_menu_typo_font_size_tablet":0,"ocean_menu_typo_font_size_mobile":0,"ocean_menu_typo_font_size_unit":"px","ocean_menu_typo_font_weight":"","ocean_menu_typo_font_weight_tablet":"","ocean_menu_typo_font_weight_mobile":"","ocean_menu_typo_transform":"","ocean_menu_typo_transform_tablet":"","ocean_menu_typo_transform_mobile":"","ocean_menu_typo_line_height":0,"ocean_menu_typo_line_height_tablet":0,"ocean_menu_typo_line_height_mobile":0,"ocean_menu_typo_line_height_unit":"","ocean_menu_typo_spacing":0,"ocean_menu_typo_spacing_tablet":0,"ocean_menu_typo_spacing_mobile":0,"ocean_menu_typo_spacing_unit":"","ocean_menu_link_color":"","ocean_menu_link_color_hover":"","ocean_menu_link_color_active":"","ocean_menu_link_background":"","ocean_menu_link_hover_background":"","ocean_menu_link_active_background":"","ocean_menu_social_links_bg":"","ocean_menu_social_hover_links_bg":"","ocean_menu_social_links_color":"","ocean_menu_social_hover_links_color":"","ocean_disable_title":"default","ocean_disable_heading":"default","ocean_post_title":"","ocean_post_subheading":"","ocean_post_title_style":"","ocean_post_title_background_color":"","ocean_post_title_background":0,"ocean_post_title_bg_image_position":"","ocean_post_title_bg_image_attachment":"","ocean_post_title_bg_image_repeat":"","ocean_post_title_bg_image_size":"","ocean_post_title_height":0,"ocean_post_title_bg_overlay":0.5,"ocean_post_title_bg_overlay_color":"","ocean_disable_breadcrumbs":"default","ocean_breadcrumbs_color":"","ocean_breadcrumbs_separator_color":"","ocean_breadcrumbs_links_color":"","ocean_breadcrumbs_links_hover_color":"","ocean_display_footer_widgets":"default","ocean_display_footer_bottom":"default","ocean_custom_footer_template":"0"},"product_brand":[],"product_cat":[24],"product_tag":[],"class_list":{"0":"post-2007","1":"product","2":"type-product","3":"status-publish","4":"has-post-thumbnail","6":"product_cat-bez-kategorii","8":"entry","9":"has-media","11":"first","12":"outofstock","13":"taxable","14":"shipping-taxable","15":"purchasable","16":"product-type-simple","17":"has-product-nav","18":"col","19":"span_1_of_3","20":"owp-content-center","21":"owp-thumbs-layout-horizontal","22":"owp-btn-normal","23":"owp-tabs-layout-horizontal","24":"has-no-thumbnails"},"_links":{"self":[{"href":"https:\/\/mayday-gdynia.pl\/en\/wp-json\/wp\/v2\/product\/2007","targetHints":{"allow":["GET"]}}],"collection":[{"href":"https:\/\/mayday-gdynia.pl\/en\/wp-json\/wp\/v2\/product"}],"about":[{"href":"https:\/\/mayday-gdynia.pl\/en\/wp-json\/wp\/v2\/types\/product"}],"wp:featuredmedia":[{"embeddable":true,"href":"https:\/\/mayday-gdynia.pl\/en\/wp-json\/wp\/v2\/media\/2018"}],"wp:attachment":[{"href":"https:\/\/mayday-gdynia.pl\/en\/wp-json\/wp\/v2\/media?parent=2007"}],"wp:term":[{"taxonomy":"product_brand","embeddable":true,"href":"https:\/\/mayday-gdynia.pl\/en\/wp-json\/wp\/v2\/product_brand?post=2007"},{"taxonomy":"product_cat","embeddable":true,"href":"https:\/\/mayday-gdynia.pl\/en\/wp-json\/wp\/v2\/product_cat?post=2007"},{"taxonomy":"product_tag","embeddable":true,"href":"https:\/\/mayday-gdynia.pl\/en\/wp-json\/wp\/v2\/product_tag?post=2007"}],"curies":[{"name":"wp","href":"https:\/\/api.w.org\/{rel}","templated":true}]}}